{"id":9,"date":"2025-08-23T18:02:00","date_gmt":"2025-08-23T16:02:00","guid":{"rendered":"http:\/\/localhost\/cos\/"},"modified":"2025-08-24T17:43:23","modified_gmt":"2025-08-24T15:43:23","slug":"cos","status":"publish","type":"page","link":"https:\/\/utilajevitipomicole.ro\/magazin\/cos\/","title":{"rendered":"Co\u0219"},"content":{"rendered":"\n<div data-block-name=\"woocommerce\/cart\" class=\"wp-block-woocommerce-cart alignwide is-loading\">\n<div data-block-name=\"woocommerce\/filled-cart-block\" class=\"wp-block-woocommerce-filled-cart-block\">\n<div data-block-name=\"woocommerce\/cart-items-block\" class=\"wp-block-woocommerce-cart-items-block\">\n<div data-block-name=\"woocommerce\/cart-line-items-block\" class=\"wp-block-woocommerce-cart-line-items-block\"><\/div>\n\n\n\n<div data-block-name=\"woocommerce\/cart-cross-sells-block\" class=\"wp-block-woocommerce-cart-cross-sells-block\">\n<h2 class=\"wp-block-heading has-large-font-size\">S-ar putea s\u0103 te intereseze&#8230;<\/h2>\n\n\n\n<div data-block-name=\"woocommerce\/cart-cross-sells-products-block\" class=\"wp-block-woocommerce-cart-cross-sells-products-block\"><\/div>\n<\/div>\n<\/div>\n\n\n\n<div data-block-name=\"woocommerce\/cart-totals-block\" class=\"wp-block-woocommerce-cart-totals-block\">\n<div data-block-name=\"woocommerce\/cart-order-summary-block\" class=\"wp-block-woocommerce-cart-order-summary-block\">\n<div data-block-name=\"woocommerce\/cart-order-summary-heading-block\" class=\"wp-block-woocommerce-cart-order-summary-heading-block\"><\/div><div data-block-name=\"woocommerce\/cart-order-summary-coupon-form-block\" class=\"wp-block-woocommerce-cart-order-summary-coupon-form-block\"><\/div><div data-block-name=\"woocommerce\/cart-order-summary-totals-block\" class=\"wp-block-woocommerce-cart-order-summary-totals-block\">\n<div data-block-name=\"woocommerce\/cart-order-summary-subtotal-block\" class=\"wp-block-woocommerce-cart-order-summary-subtotal-block\"><\/div>\n<div data-block-name=\"woocommerce\/cart-order-summary-discount-block\" class=\"wp-block-woocommerce-cart-order-summary-discount-block\"><\/div>\n<div data-block-name=\"woocommerce\/cart-order-summary-fee-block\" class=\"wp-block-woocommerce-cart-order-summary-fee-block\"><\/div>\n<div data-block-name=\"woocommerce\/cart-order-summary-shipping-block\" class=\"wp-block-woocommerce-cart-order-summary-shipping-block\"><\/div>\n<div data-block-name=\"woocommerce\/cart-order-summary-taxes-block\" class=\"wp-block-woocommerce-cart-order-summary-taxes-block\"><\/div><\/div>\n<\/div>\n\n\n\n<div data-block-name=\"woocommerce\/cart-express-payment-block\" class=\"wp-block-woocommerce-cart-express-payment-block\"><\/div>\n\n\n\n<div data-block-name=\"woocommerce\/proceed-to-checkout-block\" class=\"wp-block-woocommerce-proceed-to-checkout-block\"><\/div>\n\n\n\n<div data-block-name=\"woocommerce\/cart-accepted-payment-methods-block\" class=\"wp-block-woocommerce-cart-accepted-payment-methods-block\"><\/div>\n<\/div>\n<\/div>\n\n\n\n<div data-block-name=\"woocommerce\/empty-cart-block\" class=\"wp-block-woocommerce-empty-cart-block\">\n<h2 class=\"wp-block-heading has-text-align-center with-empty-cart-icon wc-block-cart__empty-cart__title\">Co\u0219ul t\u0103u este gol acum!<\/h2>\n\n\n\n<hr class=\"wp-block-separator has-alpha-channel-opacity is-style-dots\"\/>\n\n\n\n<h2 class=\"wp-block-heading has-text-align-center\">Nout\u0103\u021bi \u00een magazin<\/h2>\n\n\n<div data-block-name=\"woocommerce\/product-new\" data-columns=\"4\" data-rows=\"1\" class=\"wc-block-grid wp-block-product-new wp-block-woocommerce-product-new wc-block-product-new has-4-columns\"><ul class=\"wc-block-grid__products\"><li class=\"wc-block-grid__product\">\n\t\t\t\t<a href=\"https:\/\/utilajevitipomicole.ro\/magazin\/produs\/freza-telescopica-pentru-prelucrarea-solului-bilonat-intelligent-model-tsp-rf\/\" class=\"wc-block-grid__product-link\">\n\t\t\t\t\t\n\t\t\t\t\t<div class=\"wc-block-grid__product-image\"><img fetchpriority=\"high\" decoding=\"async\" width=\"300\" height=\"300\" src=\"https:\/\/utilajevitipomicole.ro\/magazin\/wp-content\/uploads\/2026\/04\/TS8-300x300.webp\" class=\"attachment-woocommerce_thumbnail size-woocommerce_thumbnail\" alt='FREZ\u0102 TELESCOPIC\u0102 PENTRU PRELUCRAREA SOLULUI - BILONAT \"INTELLIGENT\" \u2013 model TSP-RF' srcset=\"https:\/\/utilajevitipomicole.ro\/magazin\/wp-content\/uploads\/2026\/04\/TS8-300x300.webp 300w, https:\/\/utilajevitipomicole.ro\/magazin\/wp-content\/uploads\/2026\/04\/TS8-150x150.webp 150w, https:\/\/utilajevitipomicole.ro\/magazin\/wp-content\/uploads\/2026\/04\/TS8-100x100.webp 100w, https:\/\/utilajevitipomicole.ro\/magazin\/wp-content\/uploads\/2026\/04\/TS8.webp 500w\" sizes=\"(max-width: 300px) 100vw, 300px\"><\/div>\n\t\t\t\t\t<div class=\"wc-block-grid__product-title\">FREZ\u0102 TELESCOPIC\u0102 PENTRU PRELUCRAREA SOLULUI &#8211; BILONAT &#8222;INTELLIGENT&#8221; \u2013 model TSP-RF<\/div>\n\t\t\t\t<\/a>\n\t\t\t\t<div class=\"wc-block-grid__product-price price\"><\/div>\n\t\t\t\t\n\t\t\t\t<div class=\"wp-block-button wc-block-grid__product-add-to-cart\"><a href=\"https:\/\/utilajevitipomicole.ro\/magazin\/produs\/freza-telescopica-pentru-prelucrarea-solului-bilonat-intelligent-model-tsp-rf\/\" aria-label='Selecteaz\u0103 op\u021biunile pentru \u201eFREZ\u0102 TELESCOPIC\u0102 PENTRU PRELUCRAREA SOLULUI - BILONAT \"INTELLIGENT\" \u2013 model TSP-RF\u201d' data-quantity=\"1\" data-product_id=\"4966\" data-product_sku=\"TR-18-3-1-1-1-1-1-1-1-1-1-1-1\" data-price=\"0\" rel=\"nofollow\" class=\"wp-block-button__link  add_to_cart_button\">Cite\u0219te mai mult<\/a><\/div><div class=\"tinv-wraper woocommerce tinv-wishlist tinvwl-after-add-to-cart tinvwl-loop-button-wrapper tinvwl-woocommerce_blocks_product_grid_item_html\" data-tinvwl_product_id=\"4966\">\r\n\t<div class=\"tinv-wishlist-clear\"><\/div><a role=\"button\" tabindex=\"0\" name=\"adauga-la-favorite\" aria-label=\"Adaug\u0103 la favorite\" class=\"tinvwl_add_to_wishlist_button tinvwl-icon-heart  tinvwl-position-after tinvwl-loop\" data-tinv-wl-list=\"[]\" data-tinv-wl-product=\"4966\" data-tinv-wl-productvariation=\"0\" data-tinv-wl-productvariations=\"[0]\" data-tinv-wl-producttype=\"variable\" data-tinv-wl-action=\"add\"><span class=\"tinvwl_add_to_wishlist-text\">Adaug\u0103 la favorite<\/span><\/a><div class=\"tinv-wishlist-clear\"><\/div>\t\t<div class=\"tinvwl-tooltip\">Adaug\u0103 la favorite<\/div>\r\n<\/div>\n\t\t\t<\/li><li class=\"wc-block-grid__product\">\n\t\t\t\t<a href=\"https:\/\/utilajevitipomicole.ro\/magazin\/produs\/freza-pentru-prelucrarea-solului-cu-tavalug-model-tsp-r\/\" class=\"wc-block-grid__product-link\">\n\t\t\t\t\t\n\t\t\t\t\t<div class=\"wc-block-grid__product-image\"><img decoding=\"async\" width=\"300\" height=\"300\" src=\"https:\/\/utilajevitipomicole.ro\/magazin\/wp-content\/uploads\/2026\/04\/TS8-300x300.webp\" class=\"attachment-woocommerce_thumbnail size-woocommerce_thumbnail\" alt=\"FREZ\u0102 PENTRU PRELUCRAREA SOLULUI CU T\u0102V\u0102LUG \u2013 model TSP-R\" srcset=\"https:\/\/utilajevitipomicole.ro\/magazin\/wp-content\/uploads\/2026\/04\/TS8-300x300.webp 300w, https:\/\/utilajevitipomicole.ro\/magazin\/wp-content\/uploads\/2026\/04\/TS8-150x150.webp 150w, https:\/\/utilajevitipomicole.ro\/magazin\/wp-content\/uploads\/2026\/04\/TS8-100x100.webp 100w, https:\/\/utilajevitipomicole.ro\/magazin\/wp-content\/uploads\/2026\/04\/TS8.webp 500w\" sizes=\"(max-width: 300px) 100vw, 300px\"><\/div>\n\t\t\t\t\t<div class=\"wc-block-grid__product-title\">FREZ\u0102 PENTRU PRELUCRAREA SOLULUI CU T\u0102V\u0102LUG \u2013 model TSP-R<\/div>\n\t\t\t\t<\/a>\n\t\t\t\t<div class=\"wc-block-grid__product-price price\"><\/div>\n\t\t\t\t\n\t\t\t\t<div class=\"wp-block-button wc-block-grid__product-add-to-cart\"><a href=\"https:\/\/utilajevitipomicole.ro\/magazin\/produs\/freza-pentru-prelucrarea-solului-cu-tavalug-model-tsp-r\/\" aria-label=\"Selecteaz\u0103 op\u021biunile pentru \u201eFREZ\u0102 PENTRU PRELUCRAREA SOLULUI CU T\u0102V\u0102LUG \u2013 model TSP-R\u201d\" data-quantity=\"1\" data-product_id=\"4964\" data-product_sku=\"TR-18-3-1-1-1-1-1-1-1-1-1-1\" data-price=\"0\" rel=\"nofollow\" class=\"wp-block-button__link  add_to_cart_button\">Cite\u0219te mai mult<\/a><\/div><div class=\"tinv-wraper woocommerce tinv-wishlist tinvwl-after-add-to-cart tinvwl-loop-button-wrapper tinvwl-woocommerce_blocks_product_grid_item_html\" data-tinvwl_product_id=\"4964\">\r\n\t<div class=\"tinv-wishlist-clear\"><\/div><a role=\"button\" tabindex=\"0\" name=\"adauga-la-favorite\" aria-label=\"Adaug\u0103 la favorite\" class=\"tinvwl_add_to_wishlist_button tinvwl-icon-heart  tinvwl-position-after tinvwl-loop\" data-tinv-wl-list=\"[]\" data-tinv-wl-product=\"4964\" data-tinv-wl-productvariation=\"0\" data-tinv-wl-productvariations=\"[0]\" data-tinv-wl-producttype=\"variable\" data-tinv-wl-action=\"add\"><span class=\"tinvwl_add_to_wishlist-text\">Adaug\u0103 la favorite<\/span><\/a><div class=\"tinv-wishlist-clear\"><\/div>\t\t<div class=\"tinvwl-tooltip\">Adaug\u0103 la favorite<\/div>\r\n<\/div>\n\t\t\t<\/li><li class=\"wc-block-grid__product\">\n\t\t\t\t<a href=\"https:\/\/utilajevitipomicole.ro\/magazin\/produs\/freza-pliabila-pentru-prelucrarea-solului-bilonat-model-tsp-f\/\" class=\"wc-block-grid__product-link\">\n\t\t\t\t\t\n\t\t\t\t\t<div class=\"wc-block-grid__product-image\"><img decoding=\"async\" width=\"300\" height=\"300\" src=\"https:\/\/utilajevitipomicole.ro\/magazin\/wp-content\/uploads\/2026\/04\/TS7-300x300.webp\" class=\"attachment-woocommerce_thumbnail size-woocommerce_thumbnail\" alt=\"FREZ\u0102 PLIABIL\u0102 PENTRU PRELUCRAREA SOLULUI - BILONAT \u2013 model TSP-F\" srcset=\"https:\/\/utilajevitipomicole.ro\/magazin\/wp-content\/uploads\/2026\/04\/TS7-300x300.webp 300w, https:\/\/utilajevitipomicole.ro\/magazin\/wp-content\/uploads\/2026\/04\/TS7-150x150.webp 150w, https:\/\/utilajevitipomicole.ro\/magazin\/wp-content\/uploads\/2026\/04\/TS7-100x100.webp 100w, https:\/\/utilajevitipomicole.ro\/magazin\/wp-content\/uploads\/2026\/04\/TS7.webp 500w\" sizes=\"(max-width: 300px) 100vw, 300px\"><\/div>\n\t\t\t\t\t<div class=\"wc-block-grid__product-title\">FREZ\u0102 PLIABIL\u0102 PENTRU PRELUCRAREA SOLULUI &#8211; BILONAT \u2013 model TSP-F<\/div>\n\t\t\t\t<\/a>\n\t\t\t\t<div class=\"wc-block-grid__product-price price\"><\/div>\n\t\t\t\t\n\t\t\t\t<div class=\"wp-block-button wc-block-grid__product-add-to-cart\"><a href=\"https:\/\/utilajevitipomicole.ro\/magazin\/produs\/freza-pliabila-pentru-prelucrarea-solului-bilonat-model-tsp-f\/\" aria-label=\"Selecteaz\u0103 op\u021biunile pentru \u201eFREZ\u0102 PLIABIL\u0102 PENTRU PRELUCRAREA SOLULUI - BILONAT \u2013 model TSP-F\u201d\" data-quantity=\"1\" data-product_id=\"4962\" data-product_sku=\"TR-18-3-1-1-1-1-1-1-1-1-1\" data-price=\"0\" rel=\"nofollow\" class=\"wp-block-button__link  add_to_cart_button\">Cite\u0219te mai mult<\/a><\/div><div class=\"tinv-wraper woocommerce tinv-wishlist tinvwl-after-add-to-cart tinvwl-loop-button-wrapper tinvwl-woocommerce_blocks_product_grid_item_html\" data-tinvwl_product_id=\"4962\">\r\n\t<div class=\"tinv-wishlist-clear\"><\/div><a role=\"button\" tabindex=\"0\" name=\"adauga-la-favorite\" aria-label=\"Adaug\u0103 la favorite\" class=\"tinvwl_add_to_wishlist_button tinvwl-icon-heart  tinvwl-position-after tinvwl-loop\" data-tinv-wl-list=\"[]\" data-tinv-wl-product=\"4962\" data-tinv-wl-productvariation=\"0\" data-tinv-wl-productvariations=\"[0]\" data-tinv-wl-producttype=\"variable\" data-tinv-wl-action=\"add\"><span class=\"tinvwl_add_to_wishlist-text\">Adaug\u0103 la favorite<\/span><\/a><div class=\"tinv-wishlist-clear\"><\/div>\t\t<div class=\"tinvwl-tooltip\">Adaug\u0103 la favorite<\/div>\r\n<\/div>\n\t\t\t<\/li><li class=\"wc-block-grid__product\">\n\t\t\t\t<a href=\"https:\/\/utilajevitipomicole.ro\/magazin\/produs\/freza-pentru-prelucrarea-solului-cu-tavalug-model-tsr-2\/\" class=\"wc-block-grid__product-link\">\n\t\t\t\t\t\n\t\t\t\t\t<div class=\"wc-block-grid__product-image\"><img loading=\"lazy\" decoding=\"async\" width=\"300\" height=\"300\" src=\"https:\/\/utilajevitipomicole.ro\/magazin\/wp-content\/uploads\/2026\/04\/TS6-300x300.webp\" class=\"attachment-woocommerce_thumbnail size-woocommerce_thumbnail\" alt=\"FREZ\u0102 PENTRU PRELUCRAREA SOLULUI CU T\u0102V\u0102LUG \u2013 model TSR\" srcset=\"https:\/\/utilajevitipomicole.ro\/magazin\/wp-content\/uploads\/2026\/04\/TS6-300x300.webp 300w, https:\/\/utilajevitipomicole.ro\/magazin\/wp-content\/uploads\/2026\/04\/TS6-150x150.webp 150w, https:\/\/utilajevitipomicole.ro\/magazin\/wp-content\/uploads\/2026\/04\/TS6-100x100.webp 100w, https:\/\/utilajevitipomicole.ro\/magazin\/wp-content\/uploads\/2026\/04\/TS6.webp 500w\" sizes=\"(max-width: 300px) 100vw, 300px\"><\/div>\n\t\t\t\t\t<div class=\"wc-block-grid__product-title\">FREZ\u0102 PENTRU PRELUCRAREA SOLULUI CU T\u0102V\u0102LUG \u2013 model TSR<\/div>\n\t\t\t\t<\/a>\n\t\t\t\t<div class=\"wc-block-grid__product-price price\"><\/div>\n\t\t\t\t\n\t\t\t\t<div class=\"wp-block-button wc-block-grid__product-add-to-cart\"><a href=\"https:\/\/utilajevitipomicole.ro\/magazin\/produs\/freza-pentru-prelucrarea-solului-cu-tavalug-model-tsr-2\/\" aria-label=\"Selecteaz\u0103 op\u021biunile pentru \u201eFREZ\u0102 PENTRU PRELUCRAREA SOLULUI CU T\u0102V\u0102LUG \u2013 model TSR\u201d\" data-quantity=\"1\" data-product_id=\"4960\" data-product_sku=\"TR-18-3-1-1-1-1-1-1-1-1\" data-price=\"0\" rel=\"nofollow\" class=\"wp-block-button__link  add_to_cart_button\">Cite\u0219te mai mult<\/a><\/div><div class=\"tinv-wraper woocommerce tinv-wishlist tinvwl-after-add-to-cart tinvwl-loop-button-wrapper tinvwl-woocommerce_blocks_product_grid_item_html\" data-tinvwl_product_id=\"4960\">\r\n\t<div class=\"tinv-wishlist-clear\"><\/div><a role=\"button\" tabindex=\"0\" name=\"adauga-la-favorite\" aria-label=\"Adaug\u0103 la favorite\" class=\"tinvwl_add_to_wishlist_button tinvwl-icon-heart  tinvwl-position-after tinvwl-loop\" data-tinv-wl-list=\"[]\" data-tinv-wl-product=\"4960\" data-tinv-wl-productvariation=\"0\" data-tinv-wl-productvariations=\"[0]\" data-tinv-wl-producttype=\"variable\" data-tinv-wl-action=\"add\"><span class=\"tinvwl_add_to_wishlist-text\">Adaug\u0103 la favorite<\/span><\/a><div class=\"tinv-wishlist-clear\"><\/div>\t\t<div class=\"tinvwl-tooltip\">Adaug\u0103 la favorite<\/div>\r\n<\/div>\n\t\t\t<\/li><\/ul><\/div><\/div>\n<\/div>\n","protected":false},"excerpt":{"rendered":"","protected":false},"author":1,"featured_media":0,"parent":0,"menu_order":0,"comment_status":"closed","ping_status":"closed","template":"","meta":{"footnotes":""},"class_list":["post-9","page","type-page","status-publish","hentry"],"_links":{"self":[{"href":"https:\/\/utilajevitipomicole.ro\/magazin\/wp-json\/wp\/v2\/pages\/9","targetHints":{"allow":["GET"]}}],"collection":[{"href":"https:\/\/utilajevitipomicole.ro\/magazin\/wp-json\/wp\/v2\/pages"}],"about":[{"href":"https:\/\/utilajevitipomicole.ro\/magazin\/wp-json\/wp\/v2\/types\/page"}],"author":[{"embeddable":true,"href":"https:\/\/utilajevitipomicole.ro\/magazin\/wp-json\/wp\/v2\/users\/1"}],"replies":[{"embeddable":true,"href":"https:\/\/utilajevitipomicole.ro\/magazin\/wp-json\/wp\/v2\/comments?post=9"}],"version-history":[{"count":0,"href":"https:\/\/utilajevitipomicole.ro\/magazin\/wp-json\/wp\/v2\/pages\/9\/revisions"}],"wp:attachment":[{"href":"https:\/\/utilajevitipomicole.ro\/magazin\/wp-json\/wp\/v2\/media?parent=9"}],"curies":[{"name":"wp","href":"https:\/\/api.w.org\/{rel}","templated":true}]}}