{"id":1167,"date":"2025-09-01T19:11:11","date_gmt":"2025-09-01T17:11:11","guid":{"rendered":"https:\/\/utilajevitipomicole.ro\/magazin\/?post_type=product&#038;p=1167"},"modified":"2026-03-09T13:37:19","modified_gmt":"2026-03-09T11:37:19","slug":"remorca-imprastiat-gunoiul-model-l","status":"publish","type":"product","link":"https:\/\/utilajevitipomicole.ro\/magazin\/produs\/remorca-imprastiat-gunoiul-model-l\/","title":{"rendered":"REMORC\u0102 \u00ceMPR\u0102\u0218TIAT GUNOIUL model L"},"content":{"rendered":"","protected":false},"excerpt":{"rendered":"<p><button><a href=\"https:\/\/utilajevitipomicole.ro\/magazin\/contact\/\"><span style=\"font-size: large;\"><b>&#8230; CERE OFERT\u0102 &#8230;<\/b><\/span><\/a><\/button><\/p>\n","protected":false},"featured_media":1176,"comment_status":"open","ping_status":"closed","template":"","meta":[],"product_brand":[138],"product_cat":[15,160,342],"product_tag":[],"class_list":{"0":"post-1167","1":"product","2":"type-product","3":"status-publish","4":"has-post-thumbnail","6":"product_brand-vaschieri-lorenzo","7":"product_cat-fara-categorie","8":"product_cat-transportoare","9":"product_cat-remorci-imprastiat-gunoiul","10":"product_shipping_class-utilaje","12":"first","13":"outofstock","14":"taxable","15":"shipping-taxable","16":"product-type-variable"},"_links":{"self":[{"href":"https:\/\/utilajevitipomicole.ro\/magazin\/wp-json\/wp\/v2\/product\/1167","targetHints":{"allow":["GET"]}}],"collection":[{"href":"https:\/\/utilajevitipomicole.ro\/magazin\/wp-json\/wp\/v2\/product"}],"about":[{"href":"https:\/\/utilajevitipomicole.ro\/magazin\/wp-json\/wp\/v2\/types\/product"}],"replies":[{"embeddable":true,"href":"https:\/\/utilajevitipomicole.ro\/magazin\/wp-json\/wp\/v2\/comments?post=1167"}],"wp:featuredmedia":[{"embeddable":true,"href":"https:\/\/utilajevitipomicole.ro\/magazin\/wp-json\/wp\/v2\/media\/1176"}],"wp:attachment":[{"href":"https:\/\/utilajevitipomicole.ro\/magazin\/wp-json\/wp\/v2\/media?parent=1167"}],"wp:term":[{"taxonomy":"product_brand","embeddable":true,"href":"https:\/\/utilajevitipomicole.ro\/magazin\/wp-json\/wp\/v2\/product_brand?post=1167"},{"taxonomy":"product_cat","embeddable":true,"href":"https:\/\/utilajevitipomicole.ro\/magazin\/wp-json\/wp\/v2\/product_cat?post=1167"},{"taxonomy":"product_tag","embeddable":true,"href":"https:\/\/utilajevitipomicole.ro\/magazin\/wp-json\/wp\/v2\/product_tag?post=1167"}],"curies":[{"name":"wp","href":"https:\/\/api.w.org\/{rel}","templated":true}]}}