{"id":1697,"date":"2025-09-07T16:23:32","date_gmt":"2025-09-07T14:23:32","guid":{"rendered":"https:\/\/utilajevitipomicole.ro\/magazin\/?post_type=product&#038;p=1697"},"modified":"2026-03-17T10:18:43","modified_gmt":"2026-03-17T08:18:43","slug":"banc-multifunctional-model-bm50-easy-d","status":"publish","type":"product","link":"https:\/\/utilajevitipomicole.ro\/magazin\/produs\/banc-multifunctional-model-bm50-easy-d\/","title":{"rendered":"BANC MULTIFUNCTIONAL model BM50 \u2013 EASY D"},"content":{"rendered":"<ul>\n<li>Vas cilindric din o\u021bel inox de 50 lt.<\/li>\n<li>Sistem de \u00eenc\u0103lzire cu flac\u0103r\u0103 direct<\/li>\n<li>Camera de combustie cu evacuare fum vehiculat \u00een exterior prin intermediul co\u0219ului de fum<\/li>\n<li>Izolarea \u00een material atoxic<\/li>\n<li>Sistem de r\u0103cire cu ap\u0103 de la re\u021bea sau cu instala\u021bie specific\u0103<\/li>\n<li>Clapeta cu \u00eenchidere ermetic\u0103 izolat\u0103 cu valva de siguran\u021b\u0103 sub presiune<\/li>\n<li>Temperatura de sterilizare detectabil\u0103 \u0219i programabil\u0103 cu sonda introdus\u0103 \u00een centrul produsului p\u00e2n\u0103 la 100OC<\/li>\n<li>BANC MULTIFUNC\u021aIONAL pentru \u25cb FIERBEREA \u00ceN VID \u25cb CONCENTRARE \u25cb AMESTECAREA \u00ceN VID \u25cb FIERBEREA LA ABUR \u25cb FIERBEREA LA AER DESCHIS \u25cb FRIGERE \u25cb PASTEURIZARE \/ STERILIZARE P\u00c2N\u0102 LA 100OC<\/li>\n<li>Ideal pentru produc\u021bia de: marmelade, gemuri, gelatine, siropuri, nectare din fructe, sucuri, sosuri, pateuri, mur\u0103turi \u00een ulei \u0219i o\u021bet, pr\u0103jeli \u0219i orice altceva ar fi nevoie \u00een astfel de procese.<\/li>\n<li>PLAN DE LUCRU din o\u021bel inox cu o grosime mare<\/li>\n<li>CLAPETE din inox pentru accesul la instala\u021bie<\/li>\n<li>ROBINET mobil cu pulverizare pentru sp\u0103larea vaselor<\/li>\n<li>PICIORU\u0218E reglabile din o\u021bel inox Vas cilindric din o\u021bel inox de 50 lt. \u2013 \u00d8 40 cm. H 35 cm.<\/li>\n<li>U\u0219i\u021b\u0103 de inox cu \u00eenchidere ermetic\u0103 cu deschidere total\u0103 pentru o mai u\u0219oar\u0103 cur\u0103\u021bare a vasului<\/li>\n<li>Agitator cu variator de vitez\u0103 cu lam\u0103 de r\u0103zuire at\u00e2t pe fund c\u00e2t \u0219i pe pere\u021bi ,prelevare e\u0219antion \u00een vid pentru verificarea gradelor brix cu sonda introdus\u0103 In centrul produsului<\/li>\n<li>Desc\u0103rcare total\u0103 cu valva de inox<\/li>\n<\/ul>\n","protected":false},"excerpt":{"rendered":"<p><button><a href=\"https:\/\/utilajevitipomicole.ro\/magazin\/contact\/\"><span style=\"font-size: large;\"><b>&#8230; SOLICIT\u0102 OFERT\u0102 &#8230;<\/b><\/span><\/a><\/button><\/p>\n","protected":false},"featured_media":1700,"comment_status":"open","ping_status":"closed","template":"","meta":[],"product_brand":[],"product_cat":[15,222,175],"product_tag":[],"class_list":{"0":"post-1697","1":"product","2":"type-product","3":"status-publish","4":"has-post-thumbnail","6":"product_cat-fara-categorie","7":"product_cat-bancuri-multifuncionale","8":"product_cat-diverse-utilaje","9":"product_shipping_class-utilaje","11":"first","12":"outofstock","13":"taxable","14":"shipping-taxable","15":"product-type-variable"},"_links":{"self":[{"href":"https:\/\/utilajevitipomicole.ro\/magazin\/wp-json\/wp\/v2\/product\/1697","targetHints":{"allow":["GET"]}}],"collection":[{"href":"https:\/\/utilajevitipomicole.ro\/magazin\/wp-json\/wp\/v2\/product"}],"about":[{"href":"https:\/\/utilajevitipomicole.ro\/magazin\/wp-json\/wp\/v2\/types\/product"}],"replies":[{"embeddable":true,"href":"https:\/\/utilajevitipomicole.ro\/magazin\/wp-json\/wp\/v2\/comments?post=1697"}],"wp:featuredmedia":[{"embeddable":true,"href":"https:\/\/utilajevitipomicole.ro\/magazin\/wp-json\/wp\/v2\/media\/1700"}],"wp:attachment":[{"href":"https:\/\/utilajevitipomicole.ro\/magazin\/wp-json\/wp\/v2\/media?parent=1697"}],"wp:term":[{"taxonomy":"product_brand","embeddable":true,"href":"https:\/\/utilajevitipomicole.ro\/magazin\/wp-json\/wp\/v2\/product_brand?post=1697"},{"taxonomy":"product_cat","embeddable":true,"href":"https:\/\/utilajevitipomicole.ro\/magazin\/wp-json\/wp\/v2\/product_cat?post=1697"},{"taxonomy":"product_tag","embeddable":true,"href":"https:\/\/utilajevitipomicole.ro\/magazin\/wp-json\/wp\/v2\/product_tag?post=1697"}],"curies":[{"name":"wp","href":"https:\/\/api.w.org\/{rel}","templated":true}]}}