{"id":1701,"date":"2025-09-07T16:30:54","date_gmt":"2025-09-07T14:30:54","guid":{"rendered":"https:\/\/utilajevitipomicole.ro\/magazin\/?post_type=product&#038;p=1701"},"modified":"2026-03-12T13:01:13","modified_gmt":"2026-03-12T11:01:13","slug":"biotocator-model-ec-100-hy","status":"publish","type":"product","link":"https:\/\/utilajevitipomicole.ro\/magazin\/produs\/biotocator-model-ec-100-hy\/","title":{"rendered":"BIOTOC\u0102TOR model EC 100 HY"},"content":{"rendered":"<ul>\n<li>Lamele e\u0219alonate din o\u021bel cu suprafa\u021b\u0103 de t\u0103iere dubl\u0103<\/li>\n<li>Sistem hidraulic<\/li>\n<li>Rola de alimentare hidraulic\u0103, echipat\u0103 cu un dispozitiv pentru inversarea mi\u0219c\u0103rii \u0219i supap\u0103 de siguran\u021b\u0103, care poate fi controlat prin intermediul unei bare din pozi\u021bia de lucru<\/li>\n<li>Capac de siguran\u021b\u0103<\/li>\n<li>Sistem de acces simplificat la discul suportului lamei prin \u00eendep\u0103rtarea unui singur \u0219urub<\/li>\n<li>Disc suport echilibrat electronic<\/li>\n<li>Tub de expulsie \u00een form\u0103 p\u0103trat\u0103 care poate fi rotit la 360 \u00b0<\/li>\n<li>C\u00e2rlig al treilea punct superior reglabil \u00een 3 pozi\u021bii<\/li>\n<li>Transmisie cu curea dubl\u0103, reglat\u0103 automat p\u00e2n\u0103 la arc<\/li>\n<li>Sistem de acoperire cu pulbere de poliester<\/li>\n<li>Arborele cardanic (Eurocardan) dimensiunea 4<\/li>\n<\/ul>\n","protected":false},"excerpt":{"rendered":"<p><button><a href=\"https:\/\/utilajevitipomicole.ro\/magazin\/contact\/\"><span style=\"font-size: large;\"><b>&#8230; SOLICIT\u0102 OFERT\u0102 &#8230;<\/b><\/span><\/a><\/button><\/p>\n","protected":false},"featured_media":1704,"comment_status":"open","ping_status":"closed","template":"","meta":[],"product_brand":[],"product_cat":[15,22,158],"product_tag":[],"class_list":{"0":"post-1701","1":"product","2":"type-product","3":"status-publish","4":"has-post-thumbnail","6":"product_cat-fara-categorie","7":"product_cat-biotocatori","8":"product_cat-tocatoare-resturi-vegetale","9":"product_shipping_class-utilaje","11":"first","12":"outofstock","13":"taxable","14":"shipping-taxable","15":"product-type-variable"},"_links":{"self":[{"href":"https:\/\/utilajevitipomicole.ro\/magazin\/wp-json\/wp\/v2\/product\/1701","targetHints":{"allow":["GET"]}}],"collection":[{"href":"https:\/\/utilajevitipomicole.ro\/magazin\/wp-json\/wp\/v2\/product"}],"about":[{"href":"https:\/\/utilajevitipomicole.ro\/magazin\/wp-json\/wp\/v2\/types\/product"}],"replies":[{"embeddable":true,"href":"https:\/\/utilajevitipomicole.ro\/magazin\/wp-json\/wp\/v2\/comments?post=1701"}],"wp:featuredmedia":[{"embeddable":true,"href":"https:\/\/utilajevitipomicole.ro\/magazin\/wp-json\/wp\/v2\/media\/1704"}],"wp:attachment":[{"href":"https:\/\/utilajevitipomicole.ro\/magazin\/wp-json\/wp\/v2\/media?parent=1701"}],"wp:term":[{"taxonomy":"product_brand","embeddable":true,"href":"https:\/\/utilajevitipomicole.ro\/magazin\/wp-json\/wp\/v2\/product_brand?post=1701"},{"taxonomy":"product_cat","embeddable":true,"href":"https:\/\/utilajevitipomicole.ro\/magazin\/wp-json\/wp\/v2\/product_cat?post=1701"},{"taxonomy":"product_tag","embeddable":true,"href":"https:\/\/utilajevitipomicole.ro\/magazin\/wp-json\/wp\/v2\/product_tag?post=1701"}],"curies":[{"name":"wp","href":"https:\/\/api.w.org\/{rel}","templated":true}]}}