{"id":2227,"date":"2025-09-11T17:41:27","date_gmt":"2025-09-11T15:41:27","guid":{"rendered":"https:\/\/utilajevitipomicole.ro\/magazin\/?post_type=product&#038;p=2227"},"modified":"2026-03-17T10:16:49","modified_gmt":"2026-03-17T08:16:49","slug":"masina-de-aplicat-etichete-model-g-roll","status":"publish","type":"product","link":"https:\/\/utilajevitipomicole.ro\/magazin\/produs\/masina-de-aplicat-etichete-model-g-roll\/","title":{"rendered":"MA\u0218IN\u0102 DE APLICAT ETICHETE model G-ROLL"},"content":{"rendered":"<ul>\n<li>Posibilitate de aplicare a etichetelor frontale (precum \u0219i care acoper\u0103 360 grade) \u0219i a etichetelor din partea din spate<\/li>\n<li>Ma\u0219in\u0103 semi-automat\u0103 pentru aplicarea etichetelor cu auto-adeziv de pe rol\u0103.<\/li>\n<li>Posibilitate de aplicare a etichetelor frontale (precum \u0219i care acoper\u0103 360 grade) \u0219i a etichetelor din partea din spate<\/li>\n<li>Ciclul de aplicare a etichetelor controlat de un dispozitiv electronic<\/li>\n<li>Voltaj: 220\/230V \u2013 50\/60 Hz<\/li>\n<li>Consum de putere: 0,12 kW<\/li>\n<li>Produc\u021bie: 600-700 etichete \/ or\u0103<\/li>\n<li>L\u0103\u021bime etichetei: 8-150 mm, lungime: 15-315 mm<\/li>\n<\/ul>\n","protected":false},"excerpt":{"rendered":"<p><button><a href=\"https:\/\/utilajevitipomicole.ro\/magazin\/contact\/\"><span style=\"font-size: large;\"><b>&#8230; SOLICIT\u0102 OFERT\u0102 &#8230;<\/b><\/span><\/a><\/button><\/p>\n","protected":false},"featured_media":2230,"comment_status":"open","ping_status":"closed","template":"","meta":[],"product_brand":[316],"product_cat":[15,315,175],"product_tag":[],"class_list":{"0":"post-2227","1":"product","2":"type-product","3":"status-publish","4":"has-post-thumbnail","6":"product_brand-frigojollinox","7":"product_cat-fara-categorie","8":"product_cat-altele","9":"product_cat-diverse-utilaje","10":"product_shipping_class-utilaje","12":"first","13":"outofstock","14":"taxable","15":"shipping-taxable","16":"product-type-variable"},"_links":{"self":[{"href":"https:\/\/utilajevitipomicole.ro\/magazin\/wp-json\/wp\/v2\/product\/2227","targetHints":{"allow":["GET"]}}],"collection":[{"href":"https:\/\/utilajevitipomicole.ro\/magazin\/wp-json\/wp\/v2\/product"}],"about":[{"href":"https:\/\/utilajevitipomicole.ro\/magazin\/wp-json\/wp\/v2\/types\/product"}],"replies":[{"embeddable":true,"href":"https:\/\/utilajevitipomicole.ro\/magazin\/wp-json\/wp\/v2\/comments?post=2227"}],"wp:featuredmedia":[{"embeddable":true,"href":"https:\/\/utilajevitipomicole.ro\/magazin\/wp-json\/wp\/v2\/media\/2230"}],"wp:attachment":[{"href":"https:\/\/utilajevitipomicole.ro\/magazin\/wp-json\/wp\/v2\/media?parent=2227"}],"wp:term":[{"taxonomy":"product_brand","embeddable":true,"href":"https:\/\/utilajevitipomicole.ro\/magazin\/wp-json\/wp\/v2\/product_brand?post=2227"},{"taxonomy":"product_cat","embeddable":true,"href":"https:\/\/utilajevitipomicole.ro\/magazin\/wp-json\/wp\/v2\/product_cat?post=2227"},{"taxonomy":"product_tag","embeddable":true,"href":"https:\/\/utilajevitipomicole.ro\/magazin\/wp-json\/wp\/v2\/product_tag?post=2227"}],"curies":[{"name":"wp","href":"https:\/\/api.w.org\/{rel}","templated":true}]}}