{"id":2270,"date":"2025-09-11T19:31:45","date_gmt":"2025-09-11T17:31:45","guid":{"rendered":"https:\/\/utilajevitipomicole.ro\/magazin\/?post_type=product&#038;p=2270"},"modified":"2026-03-17T10:38:31","modified_gmt":"2026-03-17T08:38:31","slug":"masina-de-spalat-fructe-si-legume-model-lavaverdure","status":"publish","type":"product","link":"https:\/\/utilajevitipomicole.ro\/magazin\/produs\/masina-de-spalat-fructe-si-legume-model-lavaverdure\/","title":{"rendered":"MA\u0218IN\u0102 DE SP\u0102LAT FRUCTE \u0218I LEGUME model LAVAVERDURE"},"content":{"rendered":"<ul>\n<li>Capacitate de sp\u0103lare legume u\u0219oare: 11\/14 kg<\/li>\n<li>Capacitate sp\u0103lare legume grele: 40\/60 kg<\/li>\n<li>Produc\u021bie orar\u0103: 1330\/1600 kg<\/li>\n<li>Capacitate rezervor: lt 235<\/li>\n<li>Dimensiuni totale: 140*71*88<\/li>\n<li>Structur\u0103 extern\u0103 din o\u021bel inoxidabil AISI 304<\/li>\n<li>Rezervor de sp\u0103lare din o\u021bel inoxidabil AISI 304<\/li>\n<li>Sistem patentat pentru reducerea consumului de ap\u0103 f\u0103r\u0103 afectarea eficien\u021bei ma\u0219inii. Sistemul asigur\u0103 un filtru de ap\u0103, purific\u00e2nd-o prin \u00eenl\u0103turarea p\u0103m\u00e2ntului, pietri\u0219ului \u0219i a altor contaminan\u021bi \u0219i repunerea acesteia \u00een circula\u021bie.<\/li>\n<li>Rezervor interior de sp\u0103lare creat pentru o manevrare adecvat\u0103 a apei \u0219i formarea unui vortex pentru a ob\u021bine rezultate bune de cur\u0103\u021bare chiar \u0219i \u00een cazul produselor delicate ce necesit\u0103 un flux sc\u0103zut.<\/li>\n<li>Sistem pentru reglarea manual\u0103 a fluxului de ap\u0103, \u00een func\u021bie de alimentele ce trebuie tratate.<\/li>\n<li>Pomp\u0103 electric\u0103 pentru sistemul de manevrare a apei, cu dimensiuni mari, adecvat\u0103 pentru utilizarea continu\u0103.<\/li>\n<li>Grilaj pe fundul rezervorului pentru a separa orice depozite de p\u0103m\u00e2nt, sau alte materiale, din ciclul normal.<\/li>\n<li>Panou de comand\u0103 hidro-protejat cu tastatur\u0103 de 24 Vol\u021bi, pe baza regulamentelor existente EMPI, CEI.<\/li>\n<li>Supap\u0103 de preaplin pentru a garanta, \u00een cazul defect\u0103rii sistemelor automate, o evacuare regulat\u0103 a rezervorului f\u0103r\u0103 a extrage apa.<\/li>\n<li>Picioare reglabile pentru o nivelare corect\u0103 a ma\u0219inii.<\/li>\n<\/ul>\n","protected":false},"excerpt":{"rendered":"<p><button><a href=\"https:\/\/utilajevitipomicole.ro\/magazin\/contact\/\"><span style=\"font-size: large;\"><b>&#8230; SOLICIT\u0102 OFERT\u0102 &#8230;<\/b><\/span><\/a><\/button><\/p>\n","protected":false},"featured_media":2273,"comment_status":"open","ping_status":"closed","template":"","meta":[],"product_brand":[],"product_cat":[15,175,278],"product_tag":[],"class_list":{"0":"post-2270","1":"product","2":"type-product","3":"status-publish","4":"has-post-thumbnail","6":"product_cat-fara-categorie","7":"product_cat-diverse-utilaje","8":"product_cat-desciorchinatori","9":"product_shipping_class-utilaje","11":"first","12":"outofstock","13":"taxable","14":"shipping-taxable","15":"product-type-variable"},"_links":{"self":[{"href":"https:\/\/utilajevitipomicole.ro\/magazin\/wp-json\/wp\/v2\/product\/2270","targetHints":{"allow":["GET"]}}],"collection":[{"href":"https:\/\/utilajevitipomicole.ro\/magazin\/wp-json\/wp\/v2\/product"}],"about":[{"href":"https:\/\/utilajevitipomicole.ro\/magazin\/wp-json\/wp\/v2\/types\/product"}],"replies":[{"embeddable":true,"href":"https:\/\/utilajevitipomicole.ro\/magazin\/wp-json\/wp\/v2\/comments?post=2270"}],"wp:featuredmedia":[{"embeddable":true,"href":"https:\/\/utilajevitipomicole.ro\/magazin\/wp-json\/wp\/v2\/media\/2273"}],"wp:attachment":[{"href":"https:\/\/utilajevitipomicole.ro\/magazin\/wp-json\/wp\/v2\/media?parent=2270"}],"wp:term":[{"taxonomy":"product_brand","embeddable":true,"href":"https:\/\/utilajevitipomicole.ro\/magazin\/wp-json\/wp\/v2\/product_brand?post=2270"},{"taxonomy":"product_cat","embeddable":true,"href":"https:\/\/utilajevitipomicole.ro\/magazin\/wp-json\/wp\/v2\/product_cat?post=2270"},{"taxonomy":"product_tag","embeddable":true,"href":"https:\/\/utilajevitipomicole.ro\/magazin\/wp-json\/wp\/v2\/product_tag?post=2270"}],"curies":[{"name":"wp","href":"https:\/\/api.w.org\/{rel}","templated":true}]}}