{"id":2277,"date":"2025-09-11T20:00:10","date_gmt":"2025-09-11T18:00:10","guid":{"rendered":"https:\/\/utilajevitipomicole.ro\/magazin\/?post_type=product&#038;p=2277"},"modified":"2026-03-13T11:46:12","modified_gmt":"2026-03-13T09:46:12","slug":"masina-de-recoltat-tractata-model-v-train-30","status":"publish","type":"product","link":"https:\/\/utilajevitipomicole.ro\/magazin\/produs\/masina-de-recoltat-tractata-model-v-train-30\/","title":{"rendered":"MA\u0218IN\u0102 DE RECOLTAT \u2013 TRACTAT\u0102 model V-TRAIN 30"},"content":{"rendered":"<ul>\n<li>Cadru ranforsat<\/li>\n<li>Roti 400\/70 R20 (FLANSA SUDATA)<\/li>\n<li>FR\u00c2NE HIDRAULICE CU CONTROL PROPOR\u021aIONAL DE LA TRACTOR<\/li>\n<li>JOYSTICK MULTIFUNC\u021aIONAL<\/li>\n<li>NIVELARE MANUAL\u0102 TRANSVERSAL\u0102 \u0218I LONGITUDINAL\u0102 DE LA JOYSTICK MULTIFUNC\u021aIONAL<\/li>\n<li>CARDAN<\/li>\n<li>REZERVOR 15L PENTRU SP\u0102LAT M\u00c2N\u0102<\/li>\n<li>SISTEM DE ALINIERE AUTOMAT\u0102<\/li>\n<li>SENSZORI PENTRU VIZIUNEA FRECVEN\u021aEI \u0218I DISTAN\u021aEI, NUM\u0102RUL DE RPM AL TRANSPORTORULUI DREPTA \u0218I ST\u00c2NGA PE DISPLAY DIN CABIN\u0102<\/li>\n<li>L\u0102\u021aIME 2,55M<\/li>\n<li>2 P\u00c2LNII DIN O\u021aEL INOX A CATE 1500 L FIECARE<\/li>\n<li>REGULATOR DE FRECVEN\u021aA DE ASCUTARE CU TRANSMISIE HIDRAULIC\u0102 CU COMENZI ELECTRICE DE LA TRACTOR<\/li>\n<li>REGULATOR DE DISTAN\u021a\u0102 B\u0102T\u0102TORI DE LA LOCUL \u0218OFERULUI<\/li>\n<li>TRANSFER RECOLTA CU TRANSPORTOR HIDRAULIC,<\/li>\n<li>TRANSFERUL RECOLTEI PRIN DOU\u0102 BENZI TRANSPORTATORE AJUSTATE HIDRAULIC<\/li>\n<li>CUR\u0102\u021aAREA P\u0102R\u021aII INFERIOARE CU 2 ASPIRATOARE CU AXELE VERTICALE<\/li>\n<li>REGLARI AUTOMATE DE INALTIME MINIMA DE LA SOL<\/li>\n<li>SISTEM DE UNGERE CENTRALIZAT (NEAUTOMAT)<\/li>\n<li>\u00ceN\u0102L\u0162IME DE DESCARCARE A REZERVORULUI P\u00c2N\u0102 LA 3 METRI DE LA SOL<\/li>\n<li>LAMP\u0102 INTERMITENTE SPATE<\/li>\n<li>CAMERA SPATE PENTRU A VEDEA MANEVRELE DE DESCARCARE<\/li>\n<li>RO\u021aI MOTRICE CONTROLATE DE SISTEM HIDRAULIC INDEPENDENT PE PTO TRACTOR, REGLAREA PROPOR\u021aIONAL\u0102 CU CONTROL AUTOMAT LA OCHI<\/li>\n<\/ul>\n","protected":false},"excerpt":{"rendered":"<p><button><a href=\"https:\/\/utilajevitipomicole.ro\/magazin\/contact\/\"><span style=\"font-size: large;\"><b>&#8230; SOLICIT\u0102 OFERT\u0102 &#8230;<\/b><\/span><\/a><\/button><\/p>\n","protected":false},"featured_media":2280,"comment_status":"open","ping_status":"closed","template":"","meta":[],"product_brand":[320],"product_cat":[15,388,34],"product_tag":[],"class_list":{"0":"post-2277","1":"product","2":"type-product","3":"status-publish","4":"has-post-thumbnail","6":"product_brand-projet","7":"product_cat-fara-categorie","8":"product_cat-masini-recoltat","9":"product_cat-utilaje","10":"product_shipping_class-utilaje","12":"first","13":"outofstock","14":"taxable","15":"shipping-taxable","16":"product-type-variable"},"_links":{"self":[{"href":"https:\/\/utilajevitipomicole.ro\/magazin\/wp-json\/wp\/v2\/product\/2277","targetHints":{"allow":["GET"]}}],"collection":[{"href":"https:\/\/utilajevitipomicole.ro\/magazin\/wp-json\/wp\/v2\/product"}],"about":[{"href":"https:\/\/utilajevitipomicole.ro\/magazin\/wp-json\/wp\/v2\/types\/product"}],"replies":[{"embeddable":true,"href":"https:\/\/utilajevitipomicole.ro\/magazin\/wp-json\/wp\/v2\/comments?post=2277"}],"wp:featuredmedia":[{"embeddable":true,"href":"https:\/\/utilajevitipomicole.ro\/magazin\/wp-json\/wp\/v2\/media\/2280"}],"wp:attachment":[{"href":"https:\/\/utilajevitipomicole.ro\/magazin\/wp-json\/wp\/v2\/media?parent=2277"}],"wp:term":[{"taxonomy":"product_brand","embeddable":true,"href":"https:\/\/utilajevitipomicole.ro\/magazin\/wp-json\/wp\/v2\/product_brand?post=2277"},{"taxonomy":"product_cat","embeddable":true,"href":"https:\/\/utilajevitipomicole.ro\/magazin\/wp-json\/wp\/v2\/product_cat?post=2277"},{"taxonomy":"product_tag","embeddable":true,"href":"https:\/\/utilajevitipomicole.ro\/magazin\/wp-json\/wp\/v2\/product_tag?post=2277"}],"curies":[{"name":"wp","href":"https:\/\/api.w.org\/{rel}","templated":true}]}}