{"id":2282,"date":"2025-09-11T20:13:01","date_gmt":"2025-09-11T18:13:01","guid":{"rendered":"https:\/\/utilajevitipomicole.ro\/magazin\/?post_type=product&#038;p=2282"},"modified":"2026-03-17T10:37:54","modified_gmt":"2026-03-17T08:37:54","slug":"masina-de-spalat-legume-cu-uscator-centrifugal-incorporat-pentru-spalarea-salatei-fructelor-si-legumelor-model-lv2","status":"publish","type":"product","link":"https:\/\/utilajevitipomicole.ro\/magazin\/produs\/masina-de-spalat-legume-cu-uscator-centrifugal-incorporat-pentru-spalarea-salatei-fructelor-si-legumelor-model-lv2\/","title":{"rendered":"MA\u0218IN\u0102 DE SP\u0102LAT LEGUME CU USC\u0102TOR CENTRIFUGAL \u00ceNCORPORAT PENTRU SP\u0102LAREA SALATEI, FRUCTELOR \u0218I LEGUMELOR model LV2"},"content":{"rendered":"<ul>\n<li>Consum de ap\u0103 pentru ciclu: 20 lt.<\/li>\n<li>Capacitate co\u0219: 45 lt.<\/li>\n<li>Rezultat pe or\u0103: 260-300 kg.<\/li>\n<li>Dimensiuni totale: 75x60x85 cm<\/li>\n<li>Structur\u0103 extern\u0103 din o\u021bel inoxidabil AISI 304<\/li>\n<li>Rezervor de sp\u0103lare patentat din o\u021bel inoxidabil AISI 304<\/li>\n<li>Dou\u0103 filtre \u00een partea inferioar\u0103 a rezervorului pentru a separa orice fel de sediment de p\u0103m\u00e2nt \u00eencrustat sau alt material, u\u0219or de \u00eenl\u0103turat pentru a facilita opera\u021biile normale de cur\u0103\u021bare.<\/li>\n<li>Reglare manual\u0103 a fluxului de ap\u0103 \u00een conformitate cu alimentele utilizate<\/li>\n<li>Buton independent pentru a selecta opera\u021bii le de sp\u0103lare \/ centrifugare<\/li>\n<\/ul>\n","protected":false},"excerpt":{"rendered":"<p><button><a href=\"https:\/\/utilajevitipomicole.ro\/magazin\/contact\/\"><span style=\"font-size: large;\"><b>&#8230; SOLICIT\u0102 OFERT\u0102 &#8230;<\/b><\/span><\/a><\/button><\/p>\n","protected":false},"featured_media":2285,"comment_status":"open","ping_status":"closed","template":"","meta":[],"product_brand":[],"product_cat":[15,175,278],"product_tag":[],"class_list":{"0":"post-2282","1":"product","2":"type-product","3":"status-publish","4":"has-post-thumbnail","6":"product_cat-fara-categorie","7":"product_cat-diverse-utilaje","8":"product_cat-desciorchinatori","9":"product_shipping_class-utilaje","11":"first","12":"outofstock","13":"taxable","14":"shipping-taxable","15":"product-type-variable"},"_links":{"self":[{"href":"https:\/\/utilajevitipomicole.ro\/magazin\/wp-json\/wp\/v2\/product\/2282","targetHints":{"allow":["GET"]}}],"collection":[{"href":"https:\/\/utilajevitipomicole.ro\/magazin\/wp-json\/wp\/v2\/product"}],"about":[{"href":"https:\/\/utilajevitipomicole.ro\/magazin\/wp-json\/wp\/v2\/types\/product"}],"replies":[{"embeddable":true,"href":"https:\/\/utilajevitipomicole.ro\/magazin\/wp-json\/wp\/v2\/comments?post=2282"}],"wp:featuredmedia":[{"embeddable":true,"href":"https:\/\/utilajevitipomicole.ro\/magazin\/wp-json\/wp\/v2\/media\/2285"}],"wp:attachment":[{"href":"https:\/\/utilajevitipomicole.ro\/magazin\/wp-json\/wp\/v2\/media?parent=2282"}],"wp:term":[{"taxonomy":"product_brand","embeddable":true,"href":"https:\/\/utilajevitipomicole.ro\/magazin\/wp-json\/wp\/v2\/product_brand?post=2282"},{"taxonomy":"product_cat","embeddable":true,"href":"https:\/\/utilajevitipomicole.ro\/magazin\/wp-json\/wp\/v2\/product_cat?post=2282"},{"taxonomy":"product_tag","embeddable":true,"href":"https:\/\/utilajevitipomicole.ro\/magazin\/wp-json\/wp\/v2\/product_tag?post=2282"}],"curies":[{"name":"wp","href":"https:\/\/api.w.org\/{rel}","templated":true}]}}