{"id":2656,"date":"2025-09-17T14:40:16","date_gmt":"2025-09-17T12:40:16","guid":{"rendered":"https:\/\/utilajevitipomicole.ro\/magazin\/?post_type=product&#038;p=2656"},"modified":"2026-03-09T13:00:33","modified_gmt":"2026-03-09T11:00:33","slug":"echipament-cu-palpator-model-gold","status":"publish","type":"product","link":"https:\/\/utilajevitipomicole.ro\/magazin\/produs\/echipament-cu-palpator-model-gold\/","title":{"rendered":"ECHIPAMENT CU PALPATOR model GOLD"},"content":{"rendered":"<p><strong>Caracteristici tehnice:<\/strong><\/p>\n<ul>\n<li>Cadru tubular cu actionare hidraulica: 40 cm<\/li>\n<li>Roti pentru reglarea adancimii de lucru<\/li>\n<li>Lama cu palpator<\/li>\n<li>Ancora anterioara cu cutit reversibil<\/li>\n<li>Latimea minima intre randuri: 180 cm<\/li>\n<li>Latimea inchis\/deschi: 140\/180 cm<\/li>\n<\/ul>\n<p><strong>\u00a0<\/strong><\/p>\n<p>&nbsp;<\/p>\n","protected":false},"excerpt":{"rendered":"<p><button><a href=\"https:\/\/utilajevitipomicole.ro\/magazin\/contact\/\"><span style=\"font-size: large;\"><b>&#8230; CERE OFERT\u0102 &#8230;<\/b><\/span><\/a><\/button><br \/>\n<strong>Optionale:<\/strong><\/p>\n<p>OP\u021aIONAL 1 &#8211; ECHIPAMENT + Central\u0103 hidraulic\u0103 independent\u0103 cu multiplicator, pomp\u0103, rezervor ulei, filtre<\/p>\n<p>OP\u021aIONAL 2 &#8211; ECHIPAMENT + Schimb\u0103tor de c\u0103ldur\u0103 cu termostat<\/p>\n<p>FULL &#8211; ECHIPAMENT + OP\u021aIONAL 1 + OP\u021aIONAL 2<\/p>\n","protected":false},"featured_media":2677,"comment_status":"open","ping_status":"closed","template":"","meta":[],"product_brand":[344],"product_cat":[15,155,16],"product_tag":[],"class_list":{"0":"post-2656","1":"product","2":"type-product","3":"status-publish","4":"has-post-thumbnail","6":"product_brand-ciancaglini","7":"product_cat-fara-categorie","8":"product_cat-palpatoare","9":"product_cat-aerator-sol","10":"product_shipping_class-utilaje","12":"first","13":"outofstock","14":"taxable","15":"shipping-taxable","16":"product-type-variable"},"_links":{"self":[{"href":"https:\/\/utilajevitipomicole.ro\/magazin\/wp-json\/wp\/v2\/product\/2656","targetHints":{"allow":["GET"]}}],"collection":[{"href":"https:\/\/utilajevitipomicole.ro\/magazin\/wp-json\/wp\/v2\/product"}],"about":[{"href":"https:\/\/utilajevitipomicole.ro\/magazin\/wp-json\/wp\/v2\/types\/product"}],"replies":[{"embeddable":true,"href":"https:\/\/utilajevitipomicole.ro\/magazin\/wp-json\/wp\/v2\/comments?post=2656"}],"wp:featuredmedia":[{"embeddable":true,"href":"https:\/\/utilajevitipomicole.ro\/magazin\/wp-json\/wp\/v2\/media\/2677"}],"wp:attachment":[{"href":"https:\/\/utilajevitipomicole.ro\/magazin\/wp-json\/wp\/v2\/media?parent=2656"}],"wp:term":[{"taxonomy":"product_brand","embeddable":true,"href":"https:\/\/utilajevitipomicole.ro\/magazin\/wp-json\/wp\/v2\/product_brand?post=2656"},{"taxonomy":"product_cat","embeddable":true,"href":"https:\/\/utilajevitipomicole.ro\/magazin\/wp-json\/wp\/v2\/product_cat?post=2656"},{"taxonomy":"product_tag","embeddable":true,"href":"https:\/\/utilajevitipomicole.ro\/magazin\/wp-json\/wp\/v2\/product_tag?post=2656"}],"curies":[{"name":"wp","href":"https:\/\/api.w.org\/{rel}","templated":true}]}}