{"id":2792,"date":"2025-09-18T14:18:29","date_gmt":"2025-09-18T12:18:29","guid":{"rendered":"https:\/\/utilajevitipomicole.ro\/magazin\/?post_type=product&#038;p=2792"},"modified":"2026-03-18T12:17:21","modified_gmt":"2026-03-18T10:17:21","slug":"echipament-cu-palpator-model-superstar-5","status":"publish","type":"product","link":"https:\/\/utilajevitipomicole.ro\/magazin\/produs\/echipament-cu-palpator-model-superstar-5\/","title":{"rendered":"CULTIVATOR CU PALPATOR model SUPERSTAR 5"},"content":{"rendered":"<p><strong>Caracteristici tehnice:<\/strong><\/p>\n<ul>\n<li>Cadru fix<\/li>\n<li>Cultivator cu lama prasitoare de 30 cm + rulou posterior<\/li>\n<li>Lama cu palpator<\/li>\n<li>Comanda de urgenta electro-hidraulica<\/li>\n<li>Numar de ancore: 5<\/li>\n<li>Latimea de lucru: 140 cm<\/li>\n<li>Greutate: 350 kg<\/li>\n<li>Putere necesara tractorului: 40 \u2013 50 CP<\/li>\n<\/ul>\n","protected":false},"excerpt":{"rendered":"<p><button><a href=\"https:\/\/utilajevitipomicole.ro\/magazin\/contact\/\"><span style=\"font-size: large;\"><b>&#8230; SOLICIT\u0102 OFERT\u0102 &#8230;<\/b><\/span><\/a><\/button><br \/>\n<strong>Optionale:<\/strong><\/p>\n<p>OP\u021aIONAL 1 &#8211; ECHIPAMENT + Central\u0103 hidraulic\u0103 independent\u0103 cu multiplicator, pomp\u0103, rezervor ulei, filtre<\/p>\n<p>OP\u021aIONAL 2 &#8211; ECHIPAMENT + Schimb\u0103tor de c\u0103ldur\u0103 cu termostat<\/p>\n<p>FULL &#8211; ECHIPAMENT + OP\u021aIONAL 1 + OP\u021aIONAL 2<\/p>\n","protected":false},"featured_media":2802,"comment_status":"open","ping_status":"closed","template":"","meta":[],"product_brand":[344],"product_cat":[15,24,155,16],"product_tag":[],"class_list":{"0":"post-2792","1":"product","2":"type-product","3":"status-publish","4":"has-post-thumbnail","6":"product_brand-ciancaglini","7":"product_cat-fara-categorie","8":"product_cat-cultivatoare","9":"product_cat-palpatoare","10":"product_cat-aerator-sol","11":"product_shipping_class-utilaje","13":"first","14":"outofstock","15":"taxable","16":"shipping-taxable","17":"product-type-variable"},"_links":{"self":[{"href":"https:\/\/utilajevitipomicole.ro\/magazin\/wp-json\/wp\/v2\/product\/2792","targetHints":{"allow":["GET"]}}],"collection":[{"href":"https:\/\/utilajevitipomicole.ro\/magazin\/wp-json\/wp\/v2\/product"}],"about":[{"href":"https:\/\/utilajevitipomicole.ro\/magazin\/wp-json\/wp\/v2\/types\/product"}],"replies":[{"embeddable":true,"href":"https:\/\/utilajevitipomicole.ro\/magazin\/wp-json\/wp\/v2\/comments?post=2792"}],"wp:featuredmedia":[{"embeddable":true,"href":"https:\/\/utilajevitipomicole.ro\/magazin\/wp-json\/wp\/v2\/media\/2802"}],"wp:attachment":[{"href":"https:\/\/utilajevitipomicole.ro\/magazin\/wp-json\/wp\/v2\/media?parent=2792"}],"wp:term":[{"taxonomy":"product_brand","embeddable":true,"href":"https:\/\/utilajevitipomicole.ro\/magazin\/wp-json\/wp\/v2\/product_brand?post=2792"},{"taxonomy":"product_cat","embeddable":true,"href":"https:\/\/utilajevitipomicole.ro\/magazin\/wp-json\/wp\/v2\/product_cat?post=2792"},{"taxonomy":"product_tag","embeddable":true,"href":"https:\/\/utilajevitipomicole.ro\/magazin\/wp-json\/wp\/v2\/product_tag?post=2792"}],"curies":[{"name":"wp","href":"https:\/\/api.w.org\/{rel}","templated":true}]}}