{"id":3306,"date":"2025-09-23T11:05:53","date_gmt":"2025-09-23T09:05:53","guid":{"rendered":"https:\/\/utilajevitipomicole.ro\/magazin\/?post_type=product&#038;p=3306"},"modified":"2026-03-12T12:27:52","modified_gmt":"2026-03-12T10:27:52","slug":"foarfeca-electrica-model-blade-gt2","status":"publish","type":"product","link":"https:\/\/utilajevitipomicole.ro\/magazin\/produs\/foarfeca-electrica-model-blade-gt2\/","title":{"rendered":"Foarfec\u0103 electric\u0103 model Blade GT2"},"content":{"rendered":"","protected":false},"excerpt":{"rendered":"<p><button><a href=\"https:\/\/utilajevitipomicole.ro\/magazin\/contact\/\"><span style=\"font-size: large;\"><b>&#8230; CERE OFERT\u0102 &#8230;<\/b><\/span><\/a><\/button><br \/>\nBlade GT2 este cea mai recent\u0103 achizi\u021bie a gamei Lisam.<br \/>\nAceste foarfece electrice ofer\u0103 o putere de t\u0103iere superioar\u0103 celor de pe pia\u021b\u0103, fiind \u00een acela\u0219i timp u\u0219oare \u0219i u\u0219or de manevrat.<br \/>\nM\u00e2nerul cu diametru mai mic \u0219i designul atent echilibrat fac ca Blade GT2 s\u0103 fie ergonomic \u0219i pl\u0103cut de utilizat.<br \/>\nCaracteristici tehnice:<br \/>\nGreutate: 810 gr<br \/>\nDiametrul de taiere: 44 mm<br \/>\nAutonomie: 8-10 ore<br \/>\nTimp de incarcare: 4 ore<br \/>\nBaterii: LI-ion<\/p>\n","protected":false},"featured_media":3313,"comment_status":"open","ping_status":"closed","template":"","meta":[],"product_brand":[372],"product_cat":[15,173,172],"product_tag":[],"class_list":{"0":"post-3306","1":"product","2":"type-product","3":"status-publish","4":"has-post-thumbnail","6":"product_brand-lisam","7":"product_cat-fara-categorie","8":"product_cat-foarfeci-electrice","9":"product_cat-scule-electrice","10":"product_shipping_class-pi","12":"first","13":"outofstock","14":"taxable","15":"shipping-taxable","16":"product-type-variable"},"_links":{"self":[{"href":"https:\/\/utilajevitipomicole.ro\/magazin\/wp-json\/wp\/v2\/product\/3306","targetHints":{"allow":["GET"]}}],"collection":[{"href":"https:\/\/utilajevitipomicole.ro\/magazin\/wp-json\/wp\/v2\/product"}],"about":[{"href":"https:\/\/utilajevitipomicole.ro\/magazin\/wp-json\/wp\/v2\/types\/product"}],"replies":[{"embeddable":true,"href":"https:\/\/utilajevitipomicole.ro\/magazin\/wp-json\/wp\/v2\/comments?post=3306"}],"wp:featuredmedia":[{"embeddable":true,"href":"https:\/\/utilajevitipomicole.ro\/magazin\/wp-json\/wp\/v2\/media\/3313"}],"wp:attachment":[{"href":"https:\/\/utilajevitipomicole.ro\/magazin\/wp-json\/wp\/v2\/media?parent=3306"}],"wp:term":[{"taxonomy":"product_brand","embeddable":true,"href":"https:\/\/utilajevitipomicole.ro\/magazin\/wp-json\/wp\/v2\/product_brand?post=3306"},{"taxonomy":"product_cat","embeddable":true,"href":"https:\/\/utilajevitipomicole.ro\/magazin\/wp-json\/wp\/v2\/product_cat?post=3306"},{"taxonomy":"product_tag","embeddable":true,"href":"https:\/\/utilajevitipomicole.ro\/magazin\/wp-json\/wp\/v2\/product_tag?post=3306"}],"curies":[{"name":"wp","href":"https:\/\/api.w.org\/{rel}","templated":true}]}}