{"id":3322,"date":"2025-09-23T11:24:00","date_gmt":"2025-09-23T09:24:00","guid":{"rendered":"https:\/\/utilajevitipomicole.ro\/magazin\/?post_type=product&#038;p=3322"},"modified":"2026-03-12T12:26:41","modified_gmt":"2026-03-12T10:26:41","slug":"fierastrau-vertical-electric-sg21","status":"publish","type":"product","link":"https:\/\/utilajevitipomicole.ro\/magazin\/produs\/fierastrau-vertical-electric-sg21\/","title":{"rendered":"Fier\u0103str\u0103u vertical electric SG21"},"content":{"rendered":"","protected":false},"excerpt":{"rendered":"<p><button><a href=\"https:\/\/utilajevitipomicole.ro\/magazin\/contact\/\"><span style=\"font-size: large;\"><b>&#8230; CERE OFERT\u0102 &#8230;<\/b><\/span><\/a><\/button><br \/>\nFier\u0103str\u0103u electric cu lan\u021b f\u0103r\u0103 fir cu baterie f\u0103r\u0103 fir, m\u00e2ner suplimentar ergonomic pentru lucrul cu dou\u0103 m\u00e2ini, \u00eentrerup\u0103tor dublu de siguran\u021b\u0103, rezervor de ulei integrat cu nivel vizibil, lubrifiere automat\u0103 a lan\u021bului \u0219i afi\u0219aj LED pentru afi\u0219area nivelului de \u00eenc\u0103rcare al bateriei \u0219i a orelor de func\u021bionare.<br \/>\nCaracteristici tehnice:<br \/>\nMotor f\u0103r\u0103 perii : 21,0 V<br \/>\nDiametru maxim de t\u0103iere: 200 mm<br \/>\nVitez\u0103 lan\u021b : aprox. 18 m\/s<br \/>\nLungime lam\u0103 : 200 mm \u2013 8\u201d<br \/>\nLan\u021b : 1\/4 x 1,1 \u2013 47 ochiuri<br \/>\nPutere : 750 W<br \/>\nDimensiuni : 48 x 12 x 12 cm<br \/>\nGreutate net\u0103 : 1400 gr. + 500 gr. (Baterie)<br \/>\n2 Baterii : Litiu Ion 21,0 V \u2013 4,0 Ah<br \/>\nTimp de \u00eenc\u0103rcare : aprox. 150 min. per baterie<\/p>\n","protected":false},"featured_media":3325,"comment_status":"open","ping_status":"closed","template":"","meta":[],"product_brand":[372],"product_cat":[15,373,172],"product_tag":[],"class_list":{"0":"post-3322","1":"product","2":"type-product","3":"status-publish","4":"has-post-thumbnail","6":"product_brand-lisam","7":"product_cat-fara-categorie","8":"product_cat-fierastraie","9":"product_cat-scule-electrice","10":"product_shipping_class-pi","12":"first","13":"outofstock","14":"taxable","15":"shipping-taxable","16":"product-type-variable"},"_links":{"self":[{"href":"https:\/\/utilajevitipomicole.ro\/magazin\/wp-json\/wp\/v2\/product\/3322","targetHints":{"allow":["GET"]}}],"collection":[{"href":"https:\/\/utilajevitipomicole.ro\/magazin\/wp-json\/wp\/v2\/product"}],"about":[{"href":"https:\/\/utilajevitipomicole.ro\/magazin\/wp-json\/wp\/v2\/types\/product"}],"replies":[{"embeddable":true,"href":"https:\/\/utilajevitipomicole.ro\/magazin\/wp-json\/wp\/v2\/comments?post=3322"}],"wp:featuredmedia":[{"embeddable":true,"href":"https:\/\/utilajevitipomicole.ro\/magazin\/wp-json\/wp\/v2\/media\/3325"}],"wp:attachment":[{"href":"https:\/\/utilajevitipomicole.ro\/magazin\/wp-json\/wp\/v2\/media?parent=3322"}],"wp:term":[{"taxonomy":"product_brand","embeddable":true,"href":"https:\/\/utilajevitipomicole.ro\/magazin\/wp-json\/wp\/v2\/product_brand?post=3322"},{"taxonomy":"product_cat","embeddable":true,"href":"https:\/\/utilajevitipomicole.ro\/magazin\/wp-json\/wp\/v2\/product_cat?post=3322"},{"taxonomy":"product_tag","embeddable":true,"href":"https:\/\/utilajevitipomicole.ro\/magazin\/wp-json\/wp\/v2\/product_tag?post=3322"}],"curies":[{"name":"wp","href":"https:\/\/api.w.org\/{rel}","templated":true}]}}