{"id":3326,"date":"2025-09-23T11:33:36","date_gmt":"2025-09-23T09:33:36","guid":{"rendered":"https:\/\/utilajevitipomicole.ro\/magazin\/?post_type=product&#038;p=3326"},"modified":"2026-03-12T12:25:20","modified_gmt":"2026-03-12T10:25:20","slug":"fierastrau-electric-pendular-sg22","status":"publish","type":"product","link":"https:\/\/utilajevitipomicole.ro\/magazin\/produs\/fierastrau-electric-pendular-sg22\/","title":{"rendered":"Fier\u0103str\u0103u electric pendular SG22"},"content":{"rendered":"","protected":false},"excerpt":{"rendered":"<p><button><a href=\"https:\/\/utilajevitipomicole.ro\/magazin\/contact\/\"><span style=\"font-size: large;\"><b>&#8230; CERE OFERT\u0102 &#8230;<\/b><\/span><\/a><\/button><br \/>\nM\u00e2nerul antiderapant, sistemul de siguran\u021b\u0103 cu dou\u0103 butoane \u0219i fr\u00e2na eficient\u0103 a lan\u021bului asigur\u0103 c\u0103 operatorul poate lucra \u00een siguran\u021b\u0103 cu ambele m\u00e2ini.<br \/>\nFunc\u021bionare extrem de silen\u021bioas\u0103. Dispune de un indicator lateral al nivelului de ulei, reumplere convenabil\u0103 datorit\u0103 capacului mare din plastic \u0219i un sistem automat de lubrifiere.<br \/>\nCaracteristici tehnice:<br \/>\nMotor f\u0103r\u0103 perii : 21,0 V<br \/>\nDimensiune de t\u0103iere : 250 mm<br \/>\nLungimea lamei : 250 mm \u2013 10\u201d<br \/>\nPutere : 600 W<br \/>\nDimensiuni : 52 x 20 x 19 cm<br \/>\nGreutate : 2300 gr. + 500 gr. (Baterie)<br \/>\n2 Baterii : Litiu Ion 21,0 V \u2013 4,0 Ah<br \/>\nTimp de \u00eenc\u0103rcare : aprox. 120 min. per baterie<\/p>\n","protected":false},"featured_media":3329,"comment_status":"open","ping_status":"closed","template":"","meta":[],"product_brand":[372],"product_cat":[15,373,172],"product_tag":[],"class_list":{"0":"post-3326","1":"product","2":"type-product","3":"status-publish","4":"has-post-thumbnail","6":"product_brand-lisam","7":"product_cat-fara-categorie","8":"product_cat-fierastraie","9":"product_cat-scule-electrice","10":"product_shipping_class-pi","12":"first","13":"outofstock","14":"taxable","15":"shipping-taxable","16":"product-type-variable"},"_links":{"self":[{"href":"https:\/\/utilajevitipomicole.ro\/magazin\/wp-json\/wp\/v2\/product\/3326","targetHints":{"allow":["GET"]}}],"collection":[{"href":"https:\/\/utilajevitipomicole.ro\/magazin\/wp-json\/wp\/v2\/product"}],"about":[{"href":"https:\/\/utilajevitipomicole.ro\/magazin\/wp-json\/wp\/v2\/types\/product"}],"replies":[{"embeddable":true,"href":"https:\/\/utilajevitipomicole.ro\/magazin\/wp-json\/wp\/v2\/comments?post=3326"}],"wp:featuredmedia":[{"embeddable":true,"href":"https:\/\/utilajevitipomicole.ro\/magazin\/wp-json\/wp\/v2\/media\/3329"}],"wp:attachment":[{"href":"https:\/\/utilajevitipomicole.ro\/magazin\/wp-json\/wp\/v2\/media?parent=3326"}],"wp:term":[{"taxonomy":"product_brand","embeddable":true,"href":"https:\/\/utilajevitipomicole.ro\/magazin\/wp-json\/wp\/v2\/product_brand?post=3326"},{"taxonomy":"product_cat","embeddable":true,"href":"https:\/\/utilajevitipomicole.ro\/magazin\/wp-json\/wp\/v2\/product_cat?post=3326"},{"taxonomy":"product_tag","embeddable":true,"href":"https:\/\/utilajevitipomicole.ro\/magazin\/wp-json\/wp\/v2\/product_tag?post=3326"}],"curies":[{"name":"wp","href":"https:\/\/api.w.org\/{rel}","templated":true}]}}