{"id":4474,"date":"2025-10-12T16:34:33","date_gmt":"2025-10-12T14:34:33","guid":{"rendered":"https:\/\/utilajevitipomicole.ro\/magazin\/?post_type=product&#038;p=4474"},"modified":"2026-03-17T10:24:01","modified_gmt":"2026-03-17T08:24:01","slug":"elevator-model-eco","status":"publish","type":"product","link":"https:\/\/utilajevitipomicole.ro\/magazin\/produs\/elevator-model-eco\/","title":{"rendered":"ELEVATOR model ECO"},"content":{"rendered":"<p>Elevator hidraulic model ECO este solu\u021bia ideal\u0103 pentru a asigura performan\u021be optime.<\/p>\n<p>Profilele sunt din o\u021bel FE510 \u00een form\u0103 de U, cu contact direct, cilindrul de ridicare este cu dubl\u0103 ac\u021biune, furtunurile hidraulice \u0219i cele dou\u0103 lan\u021buri de ridicare sunt amplasate lateral pentru o vizibilitate mai bun\u0103.<\/p>\n<p>Disponibil \u00een 3 versiuni, cu capacit\u0103\u021bi maxime de 300, 800 \u0219i 1.500 kg \u0219i \u00een\u0103l\u021bimi de ridicare de p\u00e2n\u0103 la 3.800 mm, ECO este u\u0219or de utilizat!<\/p>\n<p>Este versatil \u0219i potrivit pentru orice utilizare: hobby, c\u00e2mp deschis sau livad\u0103.<\/p>\n<p>ECO \u0219i toate stivuitoarele Tecnoagri v\u0103 permit s\u0103 v\u0103 personaliza\u021bi experien\u021ba de utilizare! Alege\u021bi dintr-o gam\u0103 larg\u0103 de accesorii \u0219i accesorii pentru a ad\u0103uga valoare afacerii dvs.!<\/p>\n","protected":false},"excerpt":{"rendered":"<p><button><a href=\"https:\/\/utilajevitipomicole.ro\/magazin\/contact\/\"><span style=\"font-size: large;\"><b>&#8230; SOLICIT\u0102 OFERT\u0102 &#8230;<\/b><\/span><\/a><\/button><\/p>\n","protected":false},"featured_media":4481,"comment_status":"open","ping_status":"closed","template":"","meta":[],"product_brand":[449],"product_cat":[15,175,448],"product_tag":[],"class_list":{"0":"post-4474","1":"product","2":"type-product","3":"status-publish","4":"has-post-thumbnail","6":"product_brand-tecnoagri","7":"product_cat-fara-categorie","8":"product_cat-diverse-utilaje","9":"product_cat-elevatoare","10":"product_shipping_class-utilaje","12":"first","13":"outofstock","14":"taxable","15":"shipping-taxable","16":"product-type-variable"},"_links":{"self":[{"href":"https:\/\/utilajevitipomicole.ro\/magazin\/wp-json\/wp\/v2\/product\/4474","targetHints":{"allow":["GET"]}}],"collection":[{"href":"https:\/\/utilajevitipomicole.ro\/magazin\/wp-json\/wp\/v2\/product"}],"about":[{"href":"https:\/\/utilajevitipomicole.ro\/magazin\/wp-json\/wp\/v2\/types\/product"}],"replies":[{"embeddable":true,"href":"https:\/\/utilajevitipomicole.ro\/magazin\/wp-json\/wp\/v2\/comments?post=4474"}],"wp:featuredmedia":[{"embeddable":true,"href":"https:\/\/utilajevitipomicole.ro\/magazin\/wp-json\/wp\/v2\/media\/4481"}],"wp:attachment":[{"href":"https:\/\/utilajevitipomicole.ro\/magazin\/wp-json\/wp\/v2\/media?parent=4474"}],"wp:term":[{"taxonomy":"product_brand","embeddable":true,"href":"https:\/\/utilajevitipomicole.ro\/magazin\/wp-json\/wp\/v2\/product_brand?post=4474"},{"taxonomy":"product_cat","embeddable":true,"href":"https:\/\/utilajevitipomicole.ro\/magazin\/wp-json\/wp\/v2\/product_cat?post=4474"},{"taxonomy":"product_tag","embeddable":true,"href":"https:\/\/utilajevitipomicole.ro\/magazin\/wp-json\/wp\/v2\/product_tag?post=4474"}],"curies":[{"name":"wp","href":"https:\/\/api.w.org\/{rel}","templated":true}]}}