{"id":4482,"date":"2025-10-12T16:55:50","date_gmt":"2025-10-12T14:55:50","guid":{"rendered":"https:\/\/utilajevitipomicole.ro\/magazin\/?post_type=product&#038;p=4482"},"modified":"2026-03-17T10:23:29","modified_gmt":"2026-03-17T08:23:29","slug":"elevator-model-super","status":"publish","type":"product","link":"https:\/\/utilajevitipomicole.ro\/magazin\/produs\/elevator-model-super\/","title":{"rendered":"ELEVATOR model SUPER"},"content":{"rendered":"<p>Elevatorul hidraulic SUPER kg este solu\u021bia ideal\u0103 pentru \u00eembun\u0103t\u0103\u021birea performan\u021bei \u00een timpul lucr\u0103rilor grele.<\/p>\n<p>Profilele sunt fabricate din o\u021bel presat \u00een form\u0103 de U, laminat la cald, \u0219i alunec\u0103 pe rulmen\u021bi speciali cu \u0219aibe contrastante, cilindrul de ridicare este cu dubl\u0103 ac\u021biune, furtunurile hidraulice \u0219i cele dou\u0103 lan\u021buri de ridicare sunt \u00een pozi\u021bie lateral\u0103 pentru o vizibilitate mai bun\u0103.<\/p>\n<p>Cu o capacitate maxim\u0103 de \u00eenc\u0103rcare de 2.000 kg \u0219i \u00een\u0103l\u021bimi de ridicare de p\u00e2n\u0103 la 4 m, SUPER este u\u0219or de utilizat!<\/p>\n<p>Cele 2 versiuni disponibile \u00eel fac versatil \u0219i potrivit pentru orice utilizare.<\/p>\n<p>SUPER \u0219i toate elevatoarele Tecnoagri v\u0103 permit s\u0103 v\u0103 personaliza\u021bi experien\u021ba de utilizare! Alege\u021bi dintr-o gam\u0103 larg\u0103 de accesorii \u0219i accesorii pentru a ad\u0103uga valoare afacerii dvs.<\/p>\n","protected":false},"excerpt":{"rendered":"<p><button><a href=\"https:\/\/utilajevitipomicole.ro\/magazin\/contact\/\"><span style=\"font-size: large;\"><b>&#8230; SOLICIT\u0102 OFERT\u0102 &#8230;<\/b><\/span><\/a><\/button><\/p>\n","protected":false},"featured_media":4489,"comment_status":"open","ping_status":"closed","template":"","meta":[],"product_brand":[449],"product_cat":[15,175,448],"product_tag":[],"class_list":{"0":"post-4482","1":"product","2":"type-product","3":"status-publish","4":"has-post-thumbnail","6":"product_brand-tecnoagri","7":"product_cat-fara-categorie","8":"product_cat-diverse-utilaje","9":"product_cat-elevatoare","10":"product_shipping_class-utilaje","12":"first","13":"outofstock","14":"taxable","15":"shipping-taxable","16":"product-type-variable"},"_links":{"self":[{"href":"https:\/\/utilajevitipomicole.ro\/magazin\/wp-json\/wp\/v2\/product\/4482","targetHints":{"allow":["GET"]}}],"collection":[{"href":"https:\/\/utilajevitipomicole.ro\/magazin\/wp-json\/wp\/v2\/product"}],"about":[{"href":"https:\/\/utilajevitipomicole.ro\/magazin\/wp-json\/wp\/v2\/types\/product"}],"replies":[{"embeddable":true,"href":"https:\/\/utilajevitipomicole.ro\/magazin\/wp-json\/wp\/v2\/comments?post=4482"}],"wp:featuredmedia":[{"embeddable":true,"href":"https:\/\/utilajevitipomicole.ro\/magazin\/wp-json\/wp\/v2\/media\/4489"}],"wp:attachment":[{"href":"https:\/\/utilajevitipomicole.ro\/magazin\/wp-json\/wp\/v2\/media?parent=4482"}],"wp:term":[{"taxonomy":"product_brand","embeddable":true,"href":"https:\/\/utilajevitipomicole.ro\/magazin\/wp-json\/wp\/v2\/product_brand?post=4482"},{"taxonomy":"product_cat","embeddable":true,"href":"https:\/\/utilajevitipomicole.ro\/magazin\/wp-json\/wp\/v2\/product_cat?post=4482"},{"taxonomy":"product_tag","embeddable":true,"href":"https:\/\/utilajevitipomicole.ro\/magazin\/wp-json\/wp\/v2\/product_tag?post=4482"}],"curies":[{"name":"wp","href":"https:\/\/api.w.org\/{rel}","templated":true}]}}