{"id":4491,"date":"2025-10-12T17:08:19","date_gmt":"2025-10-12T15:08:19","guid":{"rendered":"https:\/\/utilajevitipomicole.ro\/magazin\/?post_type=product&#038;p=4491"},"modified":"2026-03-17T10:22:15","modified_gmt":"2026-03-17T08:22:15","slug":"elevator-model-triplex","status":"publish","type":"product","link":"https:\/\/utilajevitipomicole.ro\/magazin\/produs\/elevator-model-triplex\/","title":{"rendered":"ELEVATOR model TRIPLEX"},"content":{"rendered":"<p>TRIPLEX este stivuitorul specific pentru podgorii, cultivarea \u00een sere, cultivarea fructelor \u0219i legumelor.<\/p>\n<p>Profilele sunt din o\u021bel presat \u00een form\u0103 de U, laminat la cald, \u0219i ruleaz\u0103 pe rulmen\u021bi speciali cu \u0219aibe contrastante, cilindrul de ridicare este cu dubl\u0103 ac\u021biune, cele trei lan\u021buri de ridicare sunt FLEYER.<\/p>\n<p>Compact, u\u0219or, dar puternic, cu o capacitate maxim\u0103 de \u00eenc\u0103rcare de 1.600 kg \u0219i \u00een\u0103l\u021bimi de ridicare de p\u00e2n\u0103 la 3.600 mm, TRIPLEX este u\u0219or de utilizat!<\/p>\n<p>Ata\u0219at la tractor, spa\u021biul minim necesar, ridicarea liber\u0103 de p\u00e2n\u0103 la 200 mm &#8211; adic\u0103 ridicarea furcilor \u00eenainte de deschiderea profilelor &#8211; \u0219i cilindrul special de prindere dubl\u0103 cu ridicare suplimentar\u0103 sunt caracteristicile necesare pentru a asigura performan\u021be maxime \u00een spa\u021bii \u00eenguste.<\/p>\n<p>TRIPLEX \u0219i toate stivuitoarele Tecnoagri v\u0103 permit s\u0103 v\u0103 personaliza\u021bi experien\u021ba! Alege\u021bi dintr-o gam\u0103 larg\u0103 de accesorii \u0219i accesorii pentru a ad\u0103uga valoare afacerii dvs.!<\/p>\n","protected":false},"excerpt":{"rendered":"<p><button><a href=\"https:\/\/utilajevitipomicole.ro\/magazin\/contact\/\"><span style=\"font-size: large;\"><b>&#8230; SOLICIT\u0102 OFERT\u0102 &#8230;<\/b><\/span><\/a><\/button><\/p>\n","protected":false},"featured_media":4496,"comment_status":"open","ping_status":"closed","template":"","meta":[],"product_brand":[449],"product_cat":[15,175,448],"product_tag":[],"class_list":{"0":"post-4491","1":"product","2":"type-product","3":"status-publish","4":"has-post-thumbnail","6":"product_brand-tecnoagri","7":"product_cat-fara-categorie","8":"product_cat-diverse-utilaje","9":"product_cat-elevatoare","10":"product_shipping_class-utilaje","12":"first","13":"outofstock","14":"taxable","15":"shipping-taxable","16":"product-type-variable"},"_links":{"self":[{"href":"https:\/\/utilajevitipomicole.ro\/magazin\/wp-json\/wp\/v2\/product\/4491","targetHints":{"allow":["GET"]}}],"collection":[{"href":"https:\/\/utilajevitipomicole.ro\/magazin\/wp-json\/wp\/v2\/product"}],"about":[{"href":"https:\/\/utilajevitipomicole.ro\/magazin\/wp-json\/wp\/v2\/types\/product"}],"replies":[{"embeddable":true,"href":"https:\/\/utilajevitipomicole.ro\/magazin\/wp-json\/wp\/v2\/comments?post=4491"}],"wp:featuredmedia":[{"embeddable":true,"href":"https:\/\/utilajevitipomicole.ro\/magazin\/wp-json\/wp\/v2\/media\/4496"}],"wp:attachment":[{"href":"https:\/\/utilajevitipomicole.ro\/magazin\/wp-json\/wp\/v2\/media?parent=4491"}],"wp:term":[{"taxonomy":"product_brand","embeddable":true,"href":"https:\/\/utilajevitipomicole.ro\/magazin\/wp-json\/wp\/v2\/product_brand?post=4491"},{"taxonomy":"product_cat","embeddable":true,"href":"https:\/\/utilajevitipomicole.ro\/magazin\/wp-json\/wp\/v2\/product_cat?post=4491"},{"taxonomy":"product_tag","embeddable":true,"href":"https:\/\/utilajevitipomicole.ro\/magazin\/wp-json\/wp\/v2\/product_tag?post=4491"}],"curies":[{"name":"wp","href":"https:\/\/api.w.org\/{rel}","templated":true}]}}