{"id":4498,"date":"2025-10-12T17:23:14","date_gmt":"2025-10-12T15:23:14","guid":{"rendered":"https:\/\/utilajevitipomicole.ro\/magazin\/?post_type=product&#038;p=4498"},"modified":"2026-03-17T10:21:35","modified_gmt":"2026-03-17T08:21:35","slug":"elevator-model-quadruplex","status":"publish","type":"product","link":"https:\/\/utilajevitipomicole.ro\/magazin\/produs\/elevator-model-quadruplex\/","title":{"rendered":"ELEVATOR model QUADRUPLEX"},"content":{"rendered":"<p>Elevatoarele QUADRUPLEX sunt solu\u021bia ideal\u0103 pentru o gam\u0103 larg\u0103 de zone agricole, cum ar fi podgorii, sere, pomicultur\u0103 \u0219i horticultur\u0103.<\/p>\n<p>Acestea au profile de o\u021bel \u00een form\u0103 de \u201eU\u201d \u0219i \u201eH\u201d, forjate printr-un proces de laminare la cald \u0219i func\u021bioneaz\u0103 pe rulmen\u021bi avansa\u021bi echipa\u021bi cu raclete contrastante pentru o eficien\u021b\u0103 sporit\u0103. Echipate cu cilindri de ridicare cu dubl\u0103 ac\u021biune monta\u021bi lateral \u0219i patru lan\u021buri de ridicare FLEYER, acestea asigur\u0103 o manevrabilitate superioar\u0103.<\/p>\n<p>Aceste elevatoare sunt disponibile \u00een configura\u021bii care suport\u0103 o sarcin\u0103 maxim\u0103 de 1.600 kg sau 2.000 kg, ating\u00e2nd \u00een\u0103l\u021bimi de ridicare de p\u00e2n\u0103 la 6.000 mm, fiind \u00een acela\u0219i timp u\u0219or de utilizat. Concepute pentru a minimiza spa\u021biul ocupat \u0219i a oferi o ridicare eficient\u0103, QUADRUPLEX se integreaz\u0103 perfect \u00een spa\u021bii \u00eenguste, optimiz\u00e2nd opera\u021biunile \u00een medii precum peluze, gr\u0103dini, depozite \u0219i sere mici.<\/p>\n<p>Oferta Tecnoagri dep\u0103\u0219e\u0219te QUADRUPLEX, incluz\u00e2nd o gam\u0103 larg\u0103 de elevatoare personalizabile pentru a se potrivi perfect nevoilor specifice ale afacerii dumneavoastr\u0103. Cu o gam\u0103 larg\u0103 de configura\u021bii \u0219i accesorii, pute\u021bi spori valoarea muncii dumneavoastr\u0103 \u0219i v\u0103 pute\u021bi \u00eembun\u0103t\u0103\u021bi eficien\u021ba pe teren.<\/p>\n","protected":false},"excerpt":{"rendered":"<p><button><a href=\"https:\/\/utilajevitipomicole.ro\/magazin\/contact\/\"><span style=\"font-size: large;\"><b>&#8230; SOLICIT\u0102 OFERT\u0102 &#8230;<\/b><\/span><\/a><\/button><\/p>\n","protected":false},"featured_media":4503,"comment_status":"open","ping_status":"closed","template":"","meta":[],"product_brand":[449],"product_cat":[15,175,448],"product_tag":[],"class_list":{"0":"post-4498","1":"product","2":"type-product","3":"status-publish","4":"has-post-thumbnail","6":"product_brand-tecnoagri","7":"product_cat-fara-categorie","8":"product_cat-diverse-utilaje","9":"product_cat-elevatoare","10":"product_shipping_class-utilaje","12":"first","13":"outofstock","14":"taxable","15":"shipping-taxable","16":"product-type-variable"},"_links":{"self":[{"href":"https:\/\/utilajevitipomicole.ro\/magazin\/wp-json\/wp\/v2\/product\/4498","targetHints":{"allow":["GET"]}}],"collection":[{"href":"https:\/\/utilajevitipomicole.ro\/magazin\/wp-json\/wp\/v2\/product"}],"about":[{"href":"https:\/\/utilajevitipomicole.ro\/magazin\/wp-json\/wp\/v2\/types\/product"}],"replies":[{"embeddable":true,"href":"https:\/\/utilajevitipomicole.ro\/magazin\/wp-json\/wp\/v2\/comments?post=4498"}],"wp:featuredmedia":[{"embeddable":true,"href":"https:\/\/utilajevitipomicole.ro\/magazin\/wp-json\/wp\/v2\/media\/4503"}],"wp:attachment":[{"href":"https:\/\/utilajevitipomicole.ro\/magazin\/wp-json\/wp\/v2\/media?parent=4498"}],"wp:term":[{"taxonomy":"product_brand","embeddable":true,"href":"https:\/\/utilajevitipomicole.ro\/magazin\/wp-json\/wp\/v2\/product_brand?post=4498"},{"taxonomy":"product_cat","embeddable":true,"href":"https:\/\/utilajevitipomicole.ro\/magazin\/wp-json\/wp\/v2\/product_cat?post=4498"},{"taxonomy":"product_tag","embeddable":true,"href":"https:\/\/utilajevitipomicole.ro\/magazin\/wp-json\/wp\/v2\/product_tag?post=4498"}],"curies":[{"name":"wp","href":"https:\/\/api.w.org\/{rel}","templated":true}]}}