{"id":4521,"date":"2025-10-14T11:28:56","date_gmt":"2025-10-14T09:28:56","guid":{"rendered":"https:\/\/utilajevitipomicole.ro\/magazin\/?post_type=product&#038;p=4521"},"modified":"2026-03-13T10:14:21","modified_gmt":"2026-03-13T08:14:21","slug":"tocatoare-cu-buncar-model-koala","status":"publish","type":"product","link":"https:\/\/utilajevitipomicole.ro\/magazin\/produs\/tocatoare-cu-buncar-model-koala\/","title":{"rendered":"Toc\u0103toare cu bunc\u0103r model KOALA"},"content":{"rendered":"<p>Ma\u0219ina de tuns iarba cu colector normal KOALA este potrivit\u0103 pentru utilizarea pe tractoare cu prindere \u00een 3 puncte de categoria 1N.<\/p>\n<p>Ma\u0219ina este solu\u021bia ideal\u0103 pentru a efectua 3 ac\u021biuni diferite pe gazon \u00eentr-o singur\u0103 trecere: t\u0103iere, recoltare \u0219i ac\u021biune de aerare (verticut).<\/p>\n<p>L\u0103\u021bime de t\u0103iere: 995 \u2013 1475 mm<\/p>\n<p>Cu colectare: DA<\/p>\n<p>Aplica\u021bie: Spate<\/p>\n<p>Grup de t\u0103iere: Ciocan \/ Cu\u021bit palet\u0103 \/ Cu\u021bit palet\u0103 + Lam\u0103 Verticut<\/p>\n<p>Greutate: 200-300 kg<\/p>\n","protected":false},"excerpt":{"rendered":"[video width=\"1400\" height=\"788\" mp4=\"https:\/\/utilajevitipomicole.ro\/magazin\/wp-content\/uploads\/2025\/10\/05022000-KOALANORMAL.mp4\" loop=\"true\" autoplay=\"true\"][\/video]\n<p><button><a href=\"https:\/\/utilajevitipomicole.ro\/magazin\/contact\/\"><span style=\"font-size: large;\"><b>&#8230; SOLICIT\u0102 OFERT\u0102 &#8230;<\/b><\/span><\/a><\/button><\/p>\n","protected":false},"featured_media":4527,"comment_status":"open","ping_status":"closed","template":"","meta":[],"product_brand":[459],"product_cat":[15,458,158],"product_tag":[],"class_list":{"0":"post-4521","1":"product","2":"type-product","3":"status-publish","4":"has-post-thumbnail","6":"product_brand-peruzzo","7":"product_cat-fara-categorie","8":"product_cat-tocatori-cu-buncar","9":"product_cat-tocatoare-resturi-vegetale","10":"product_shipping_class-utilaje","11":"pa_pret-avans-30","12":"pa_pret-pret-intreg","14":"first","15":"outofstock","16":"taxable","17":"shipping-taxable","18":"product-type-variable","19":"has-default-attributes"},"_links":{"self":[{"href":"https:\/\/utilajevitipomicole.ro\/magazin\/wp-json\/wp\/v2\/product\/4521","targetHints":{"allow":["GET"]}}],"collection":[{"href":"https:\/\/utilajevitipomicole.ro\/magazin\/wp-json\/wp\/v2\/product"}],"about":[{"href":"https:\/\/utilajevitipomicole.ro\/magazin\/wp-json\/wp\/v2\/types\/product"}],"replies":[{"embeddable":true,"href":"https:\/\/utilajevitipomicole.ro\/magazin\/wp-json\/wp\/v2\/comments?post=4521"}],"wp:featuredmedia":[{"embeddable":true,"href":"https:\/\/utilajevitipomicole.ro\/magazin\/wp-json\/wp\/v2\/media\/4527"}],"wp:attachment":[{"href":"https:\/\/utilajevitipomicole.ro\/magazin\/wp-json\/wp\/v2\/media?parent=4521"}],"wp:term":[{"taxonomy":"product_brand","embeddable":true,"href":"https:\/\/utilajevitipomicole.ro\/magazin\/wp-json\/wp\/v2\/product_brand?post=4521"},{"taxonomy":"product_cat","embeddable":true,"href":"https:\/\/utilajevitipomicole.ro\/magazin\/wp-json\/wp\/v2\/product_cat?post=4521"},{"taxonomy":"product_tag","embeddable":true,"href":"https:\/\/utilajevitipomicole.ro\/magazin\/wp-json\/wp\/v2\/product_tag?post=4521"}],"curies":[{"name":"wp","href":"https:\/\/api.w.org\/{rel}","templated":true}]}}