{"id":4544,"date":"2025-10-14T12:27:15","date_gmt":"2025-10-14T10:27:15","guid":{"rendered":"https:\/\/utilajevitipomicole.ro\/magazin\/?post_type=product&#038;p=4544"},"modified":"2026-03-12T13:06:23","modified_gmt":"2026-03-12T11:06:23","slug":"tocatoare-cu-buncar-model-canguro","status":"publish","type":"product","link":"https:\/\/utilajevitipomicole.ro\/magazin\/produs\/tocatoare-cu-buncar-model-canguro\/","title":{"rendered":"Toc\u0103toare cu bunc\u0103r model CANGURO"},"content":{"rendered":"<p>Ma\u0219ina de tuns iarba CANGURO este potrivit\u0103 pentru aplicarea \u00een spate pe tractoare cu prindere in 3 puncte de categoria 1 \u0219i 2.<\/p>\n<p>Toc\u0103toare solid\u0103 \u0219i masiv\u0103, este utilizat\u0103 \u00een principal \u00een prezen\u021ba ierbii foarte \u00eenalte pe suprafe\u021be extinse, parcuri publice, zone \u00eemp\u0103durite (prevenirea incendiilor), \u00een horticultur\u0103 \u0219i uneori pentru \u00eentre\u021binerea agriculturii.<\/p>\n<p>Cu colectare: DA<\/p>\n","protected":false},"excerpt":{"rendered":"<p>&nbsp;<\/p>\n[video width=\"1400\" height=\"788\" mp4=\"https:\/\/utilajevitipomicole.ro\/magazin\/wp-content\/uploads\/2025\/10\/03200000S-CANGURONORMAL.mp4\" loop=\"true\" autoplay=\"true\"][\/video]\n<p><button><a href=\"https:\/\/utilajevitipomicole.ro\/magazin\/contact\/\"><span style=\"font-size: large;\"><b>&#8230; SOLICIT\u0102 OFERT\u0102 &#8230;<\/b><\/span><\/a><\/button><\/p>\n","protected":false},"featured_media":4551,"comment_status":"open","ping_status":"closed","template":"","meta":[],"product_brand":[459],"product_cat":[15,458,158],"product_tag":[],"class_list":{"0":"post-4544","1":"product","2":"type-product","3":"status-publish","4":"has-post-thumbnail","6":"product_brand-peruzzo","7":"product_cat-fara-categorie","8":"product_cat-tocatori-cu-buncar","9":"product_cat-tocatoare-resturi-vegetale","10":"product_shipping_class-utilaje","12":"first","13":"outofstock","14":"taxable","15":"shipping-taxable","16":"product-type-variable"},"_links":{"self":[{"href":"https:\/\/utilajevitipomicole.ro\/magazin\/wp-json\/wp\/v2\/product\/4544","targetHints":{"allow":["GET"]}}],"collection":[{"href":"https:\/\/utilajevitipomicole.ro\/magazin\/wp-json\/wp\/v2\/product"}],"about":[{"href":"https:\/\/utilajevitipomicole.ro\/magazin\/wp-json\/wp\/v2\/types\/product"}],"replies":[{"embeddable":true,"href":"https:\/\/utilajevitipomicole.ro\/magazin\/wp-json\/wp\/v2\/comments?post=4544"}],"wp:featuredmedia":[{"embeddable":true,"href":"https:\/\/utilajevitipomicole.ro\/magazin\/wp-json\/wp\/v2\/media\/4551"}],"wp:attachment":[{"href":"https:\/\/utilajevitipomicole.ro\/magazin\/wp-json\/wp\/v2\/media?parent=4544"}],"wp:term":[{"taxonomy":"product_brand","embeddable":true,"href":"https:\/\/utilajevitipomicole.ro\/magazin\/wp-json\/wp\/v2\/product_brand?post=4544"},{"taxonomy":"product_cat","embeddable":true,"href":"https:\/\/utilajevitipomicole.ro\/magazin\/wp-json\/wp\/v2\/product_cat?post=4544"},{"taxonomy":"product_tag","embeddable":true,"href":"https:\/\/utilajevitipomicole.ro\/magazin\/wp-json\/wp\/v2\/product_tag?post=4544"}],"curies":[{"name":"wp","href":"https:\/\/api.w.org\/{rel}","templated":true}]}}