{"id":4557,"date":"2025-10-14T16:45:26","date_gmt":"2025-10-14T14:45:26","guid":{"rendered":"https:\/\/utilajevitipomicole.ro\/magazin\/?post_type=product&#038;p=4557"},"modified":"2026-03-12T13:03:43","modified_gmt":"2026-03-12T11:03:43","slug":"tocatoare-cu-buncar-model-rotovac-multifunctional","status":"publish","type":"product","link":"https:\/\/utilajevitipomicole.ro\/magazin\/produs\/tocatoare-cu-buncar-model-rotovac-multifunctional\/","title":{"rendered":"Toc\u0103toare cu bunc\u0103r model ROTOVAC MULTIFUNC\u021aIONAL"},"content":{"rendered":"<p>Tocatoarea MULTIFUNC\u021aIONAL\u0102 ROTOVAC PROFESSIONAL\u0102 este potrivit\u0103 pentru utilizarea cu tractoare de la 30 la 55 CP \u0219i cu cuplare \u00een 3 puncte de categoria 1.<\/p>\n<p>Produsul colectat \u00een containerul mare este desc\u0103rcat la o \u00een\u0103l\u021bime de 200 cm cu ajutorul unor cricuri hidraulice speciale. Ma\u0219ina de periat este disponibil\u0103 cu diferite tipuri de perii, fiind o ma\u0219in\u0103 foarte versatil\u0103 \u0219i destinat\u0103 diferitelor categorii de utilizatori.<\/p>\n<p>&nbsp;<\/p>\n<p>Putere tractor: 30 \u2013 55 CP<\/p>\n<p>L\u0103\u021bime de t\u0103iere: 1600 mm<\/p>\n<p>Cu colectare: DA<\/p>\n<p>Aplica\u021bie: Spate<\/p>\n<p>Grup de lucru: perii de diferite durit\u0103\u021bi<\/p>\n<p>Greutate: 600 \u2013 800 kg<\/p>\n","protected":false},"excerpt":{"rendered":"<p><button><a href=\"https:\/\/utilajevitipomicole.ro\/magazin\/contact\/\"><span style=\"font-size: large;\"><b>&#8230; SOLICIT\u0102 OFERT\u0102 &#8230;<\/b><\/span><\/a><\/button><\/p>\n","protected":false},"featured_media":4560,"comment_status":"open","ping_status":"closed","template":"","meta":[],"product_brand":[459],"product_cat":[15,458,158],"product_tag":[],"class_list":{"0":"post-4557","1":"product","2":"type-product","3":"status-publish","4":"has-post-thumbnail","6":"product_brand-peruzzo","7":"product_cat-fara-categorie","8":"product_cat-tocatori-cu-buncar","9":"product_cat-tocatoare-resturi-vegetale","10":"product_shipping_class-utilaje","12":"first","13":"outofstock","14":"taxable","15":"shipping-taxable","16":"product-type-variable"},"_links":{"self":[{"href":"https:\/\/utilajevitipomicole.ro\/magazin\/wp-json\/wp\/v2\/product\/4557","targetHints":{"allow":["GET"]}}],"collection":[{"href":"https:\/\/utilajevitipomicole.ro\/magazin\/wp-json\/wp\/v2\/product"}],"about":[{"href":"https:\/\/utilajevitipomicole.ro\/magazin\/wp-json\/wp\/v2\/types\/product"}],"replies":[{"embeddable":true,"href":"https:\/\/utilajevitipomicole.ro\/magazin\/wp-json\/wp\/v2\/comments?post=4557"}],"wp:featuredmedia":[{"embeddable":true,"href":"https:\/\/utilajevitipomicole.ro\/magazin\/wp-json\/wp\/v2\/media\/4560"}],"wp:attachment":[{"href":"https:\/\/utilajevitipomicole.ro\/magazin\/wp-json\/wp\/v2\/media?parent=4557"}],"wp:term":[{"taxonomy":"product_brand","embeddable":true,"href":"https:\/\/utilajevitipomicole.ro\/magazin\/wp-json\/wp\/v2\/product_brand?post=4557"},{"taxonomy":"product_cat","embeddable":true,"href":"https:\/\/utilajevitipomicole.ro\/magazin\/wp-json\/wp\/v2\/product_cat?post=4557"},{"taxonomy":"product_tag","embeddable":true,"href":"https:\/\/utilajevitipomicole.ro\/magazin\/wp-json\/wp\/v2\/product_tag?post=4557"}],"curies":[{"name":"wp","href":"https:\/\/api.w.org\/{rel}","templated":true}]}}