{"id":4568,"date":"2025-10-14T17:07:58","date_gmt":"2025-10-14T15:07:58","guid":{"rendered":"https:\/\/utilajevitipomicole.ro\/magazin\/?post_type=product&#038;p=4568"},"modified":"2026-03-12T12:58:04","modified_gmt":"2026-03-12T10:58:04","slug":"biotocatoare-model-tb","status":"publish","type":"product","link":"https:\/\/utilajevitipomicole.ro\/magazin\/produs\/biotocatoare-model-tb\/","title":{"rendered":"BIOTOC\u0102TOARE model TB"},"content":{"rendered":"<p>Biotoc\u0103torul de lemne TB este o ma\u0219in\u0103 robust\u0103 \u0219i compact\u0103, utilizat\u0103 pentru reducerea de\u0219eurilor vegetale, pentru uz privat sau profesional. Ma\u0219ina este destinat\u0103 t\u0103ierii crengilor uscate \u0219i umede \u0219i este utilizat\u0103 \u00een principal de utilizatori priva\u021bi.<\/p>\n<p>Mod de alimentare: CU MOTOR PE BENZIN\u0102 \u2013 CU ARBOARE CARDANIC\u0102 \u2013 Motor hidraulic<\/p>\n<p>Unitate de t\u0103iere: Cu\u021bit cu dou\u0103 lame + lam\u0103 nicoval\u0103<\/p>\n","protected":false},"excerpt":{"rendered":"[video width=\"1400\" height=\"788\" mp4=\"https:\/\/utilajevitipomicole.ro\/magazin\/wp-content\/uploads\/2025\/10\/01415000-TB100.mp4\" loop=\"true\" autoplay=\"true\"][\/video]\n<p><button><a href=\"https:\/\/utilajevitipomicole.ro\/magazin\/contact\/\"><span style=\"font-size: large;\"><b>&#8230; SOLICIT\u0102 OFERT\u0102 &#8230;<\/b><\/span><\/a><\/button><\/p>\n","protected":false},"featured_media":4574,"comment_status":"open","ping_status":"closed","template":"","meta":[],"product_brand":[459],"product_cat":[15,22,158],"product_tag":[],"class_list":{"0":"post-4568","1":"product","2":"type-product","3":"status-publish","4":"has-post-thumbnail","6":"product_brand-peruzzo","7":"product_cat-fara-categorie","8":"product_cat-biotocatori","9":"product_cat-tocatoare-resturi-vegetale","10":"product_shipping_class-utilaje","12":"first","13":"outofstock","14":"taxable","15":"shipping-taxable","16":"product-type-variable"},"_links":{"self":[{"href":"https:\/\/utilajevitipomicole.ro\/magazin\/wp-json\/wp\/v2\/product\/4568","targetHints":{"allow":["GET"]}}],"collection":[{"href":"https:\/\/utilajevitipomicole.ro\/magazin\/wp-json\/wp\/v2\/product"}],"about":[{"href":"https:\/\/utilajevitipomicole.ro\/magazin\/wp-json\/wp\/v2\/types\/product"}],"replies":[{"embeddable":true,"href":"https:\/\/utilajevitipomicole.ro\/magazin\/wp-json\/wp\/v2\/comments?post=4568"}],"wp:featuredmedia":[{"embeddable":true,"href":"https:\/\/utilajevitipomicole.ro\/magazin\/wp-json\/wp\/v2\/media\/4574"}],"wp:attachment":[{"href":"https:\/\/utilajevitipomicole.ro\/magazin\/wp-json\/wp\/v2\/media?parent=4568"}],"wp:term":[{"taxonomy":"product_brand","embeddable":true,"href":"https:\/\/utilajevitipomicole.ro\/magazin\/wp-json\/wp\/v2\/product_brand?post=4568"},{"taxonomy":"product_cat","embeddable":true,"href":"https:\/\/utilajevitipomicole.ro\/magazin\/wp-json\/wp\/v2\/product_cat?post=4568"},{"taxonomy":"product_tag","embeddable":true,"href":"https:\/\/utilajevitipomicole.ro\/magazin\/wp-json\/wp\/v2\/product_tag?post=4568"}],"curies":[{"name":"wp","href":"https:\/\/api.w.org\/{rel}","templated":true}]}}