{"id":4575,"date":"2025-10-14T17:23:45","date_gmt":"2025-10-14T15:23:45","guid":{"rendered":"https:\/\/utilajevitipomicole.ro\/magazin\/?post_type=product&#038;p=4575"},"modified":"2026-03-12T12:56:40","modified_gmt":"2026-03-12T10:56:40","slug":"biotocatoare-model-tb-c-pro","status":"publish","type":"product","link":"https:\/\/utilajevitipomicole.ro\/magazin\/produs\/biotocatoare-model-tb-c-pro\/","title":{"rendered":"BIOTOC\u0102TOARE model TB-C PRO"},"content":{"rendered":"<p>Toc\u0103torul\/m\u0103cinatorul de lemn TB-C PRO este utilizat pentru tocarea tuturor tipurilor de crengi, inclusiv a celor fibroase, pentru tocarea crengilor cu diametrul de p\u00e2n\u0103 la 12 cm \u00d8, cu o produc\u021bie orar\u0103 de la 3 la 10 m\u00b3\/or\u0103. Acest toc\u0103tor este echipat cu o rol\u0103 hidraulic\u0103 reglat\u0103 de un sistem NO-stress care faciliteaz\u0103 tragerea produsului de t\u0103iat c\u0103tre tamburul de t\u0103iere, care la r\u00e2ndul s\u0103u este format din dou\u0103 lame reversibile c\u0103lite cu lam\u0103 dubl\u0103 de t\u0103iere \u0219i contra-lam\u0103. Ideal pentru reducerea t\u0103ierilor cu multe crengi \u0219i frunzi\u0219.<\/p>\n<p>Diametrul de t\u0103iat: \u00d8 12 cm<\/p>\n<p>Putere MOTOR (exprimat\u0103 \u00een CP): 23 \u2013 25 CP<\/p>\n<p>Mod de putere: CU MOTOR PE BENZIN\u0102<\/p>\n<p>Produc\u021bie orar\u0103: 3 \u2013 10 m\u00b3\/or\u0103<\/p>\n<p>Unitate de t\u0103iere: Cu\u021bit cu lam\u0103 dubl\u0103 + lam\u0103 nicoval\u0103<\/p>\n<p>Greutate: 500-600 kg<\/p>\n","protected":false},"excerpt":{"rendered":"<p>&nbsp;<\/p>\n[video width=\"1400\" height=\"788\" mp4=\"https:\/\/utilajevitipomicole.ro\/magazin\/wp-content\/uploads\/2025\/10\/01480000H-TB120-CPRO.mp4\" loop=\"true\" autoplay=\"true\"][\/video]\n<p><button><a href=\"https:\/\/utilajevitipomicole.ro\/magazin\/contact\/\"><span style=\"font-size: large;\"><b>&#8230; SOLICIT\u0102 OFERT\u0102 &#8230;<\/b><\/span><\/a><\/button><\/p>\n","protected":false},"featured_media":4581,"comment_status":"open","ping_status":"closed","template":"","meta":[],"product_brand":[459],"product_cat":[15,22,158],"product_tag":[],"class_list":{"0":"post-4575","1":"product","2":"type-product","3":"status-publish","4":"has-post-thumbnail","6":"product_brand-peruzzo","7":"product_cat-fara-categorie","8":"product_cat-biotocatori","9":"product_cat-tocatoare-resturi-vegetale","10":"product_shipping_class-utilaje","12":"first","13":"outofstock","14":"taxable","15":"shipping-taxable","16":"product-type-variable"},"_links":{"self":[{"href":"https:\/\/utilajevitipomicole.ro\/magazin\/wp-json\/wp\/v2\/product\/4575","targetHints":{"allow":["GET"]}}],"collection":[{"href":"https:\/\/utilajevitipomicole.ro\/magazin\/wp-json\/wp\/v2\/product"}],"about":[{"href":"https:\/\/utilajevitipomicole.ro\/magazin\/wp-json\/wp\/v2\/types\/product"}],"replies":[{"embeddable":true,"href":"https:\/\/utilajevitipomicole.ro\/magazin\/wp-json\/wp\/v2\/comments?post=4575"}],"wp:featuredmedia":[{"embeddable":true,"href":"https:\/\/utilajevitipomicole.ro\/magazin\/wp-json\/wp\/v2\/media\/4581"}],"wp:attachment":[{"href":"https:\/\/utilajevitipomicole.ro\/magazin\/wp-json\/wp\/v2\/media?parent=4575"}],"wp:term":[{"taxonomy":"product_brand","embeddable":true,"href":"https:\/\/utilajevitipomicole.ro\/magazin\/wp-json\/wp\/v2\/product_brand?post=4575"},{"taxonomy":"product_cat","embeddable":true,"href":"https:\/\/utilajevitipomicole.ro\/magazin\/wp-json\/wp\/v2\/product_cat?post=4575"},{"taxonomy":"product_tag","embeddable":true,"href":"https:\/\/utilajevitipomicole.ro\/magazin\/wp-json\/wp\/v2\/product_tag?post=4575"}],"curies":[{"name":"wp","href":"https:\/\/api.w.org\/{rel}","templated":true}]}}