{"id":4582,"date":"2025-10-14T17:32:02","date_gmt":"2025-10-14T15:32:02","guid":{"rendered":"https:\/\/utilajevitipomicole.ro\/magazin\/?post_type=product&#038;p=4582"},"modified":"2026-03-12T12:55:03","modified_gmt":"2026-03-12T10:55:03","slug":"biotocatoare-model-tb100-t-pro","status":"publish","type":"product","link":"https:\/\/utilajevitipomicole.ro\/magazin\/produs\/biotocatoare-model-tb100-t-pro\/","title":{"rendered":"BIOTOC\u0102TOARE model TB100-T PRO"},"content":{"rendered":"<p>Toc\u0103torul de lemne TB100-T PRO este o biotocatoare robust\u0103 \u0219i de dimensiuni medii, compatibil\u0103 cu tractoare de la 40 la 80 CP \u0219i care este utilizat\u0103 pentru reducerea de\u0219eurilor. Productie de la 3 la 10 m\u00b3\/or\u0103. Destinat\u0103 t\u0103ierii at\u00e2t a crengilor uscate cu diametrul de p\u00e2n\u0103 la 11 cm, este utilizat\u0103 \u00een principal de utilizatori profesioni\u0219ti.<\/p>\n<p>Diametru de t\u0103iat: \u00d8 11 cm<\/p>\n<p>Putere tractor (exprimat\u0103 \u00een CP): 40 \u2013 80 CP<\/p>\n<p>Mod de putere: CU ARBOARE CARDANIC\u0102<\/p>\n<p>Produc\u021bie orar\u0103: 3 \u2013 10 m\u00b3\/or\u0103<\/p>\n<p>Unitate de t\u0103iere: Cu\u021bit cu dou\u0103 lame + lam\u0103 nicoval\u0103<\/p>\n<p>Greutate: 300-400 kg<\/p>\n","protected":false},"excerpt":{"rendered":"[video width=\"1400\" height=\"788\" mp4=\"https:\/\/utilajevitipomicole.ro\/magazin\/wp-content\/uploads\/2025\/10\/01428000-TB100-TPRO.mp4\" loop=\"true\" autoplay=\"true\"][\/video]\n<p><button><a href=\"https:\/\/utilajevitipomicole.ro\/magazin\/contact\/\"><span style=\"font-size: large;\"><b>&#8230; SOLICIT\u0102 OFERT\u0102 &#8230;<\/b><\/span><\/a><\/button><\/p>\n","protected":false},"featured_media":4587,"comment_status":"open","ping_status":"closed","template":"","meta":[],"product_brand":[459],"product_cat":[15,22,158],"product_tag":[],"class_list":{"0":"post-4582","1":"product","2":"type-product","3":"status-publish","4":"has-post-thumbnail","6":"product_brand-peruzzo","7":"product_cat-fara-categorie","8":"product_cat-biotocatori","9":"product_cat-tocatoare-resturi-vegetale","10":"product_shipping_class-utilaje","12":"first","13":"outofstock","14":"taxable","15":"shipping-taxable","16":"product-type-variable"},"_links":{"self":[{"href":"https:\/\/utilajevitipomicole.ro\/magazin\/wp-json\/wp\/v2\/product\/4582","targetHints":{"allow":["GET"]}}],"collection":[{"href":"https:\/\/utilajevitipomicole.ro\/magazin\/wp-json\/wp\/v2\/product"}],"about":[{"href":"https:\/\/utilajevitipomicole.ro\/magazin\/wp-json\/wp\/v2\/types\/product"}],"replies":[{"embeddable":true,"href":"https:\/\/utilajevitipomicole.ro\/magazin\/wp-json\/wp\/v2\/comments?post=4582"}],"wp:featuredmedia":[{"embeddable":true,"href":"https:\/\/utilajevitipomicole.ro\/magazin\/wp-json\/wp\/v2\/media\/4587"}],"wp:attachment":[{"href":"https:\/\/utilajevitipomicole.ro\/magazin\/wp-json\/wp\/v2\/media?parent=4582"}],"wp:term":[{"taxonomy":"product_brand","embeddable":true,"href":"https:\/\/utilajevitipomicole.ro\/magazin\/wp-json\/wp\/v2\/product_brand?post=4582"},{"taxonomy":"product_cat","embeddable":true,"href":"https:\/\/utilajevitipomicole.ro\/magazin\/wp-json\/wp\/v2\/product_cat?post=4582"},{"taxonomy":"product_tag","embeddable":true,"href":"https:\/\/utilajevitipomicole.ro\/magazin\/wp-json\/wp\/v2\/product_tag?post=4582"}],"curies":[{"name":"wp","href":"https:\/\/api.w.org\/{rel}","templated":true}]}}