{"id":4594,"date":"2025-10-14T17:43:28","date_gmt":"2025-10-14T15:43:28","guid":{"rendered":"https:\/\/utilajevitipomicole.ro\/magazin\/?post_type=product&#038;p=4594"},"modified":"2026-03-12T12:35:40","modified_gmt":"2026-03-12T10:35:40","slug":"biotocatoare-model-tirex","status":"publish","type":"product","link":"https:\/\/utilajevitipomicole.ro\/magazin\/produs\/biotocatoare-model-tirex\/","title":{"rendered":"BIOTOC\u0102TOARE model TIREX"},"content":{"rendered":"<p>Toc\u0103torul de lemne TIREX este o biotocatoare de \u00eenalt\u0103 performan\u021b\u0103 \u0219i de dimensiuni mari, utilizat\u0103 pentru<\/p>\n<p>reducerea de\u0219eurilor vegetale. Productie de la 10 la 16 m\u00b3\/or\u0103. Destinat\u0103 t\u0103ierii at\u00e2t a crengilor uscate, c\u00e2t \u0219i<\/p>\n<p>a celor umede cu diametrul de p\u00e2n\u0103 la 17 cm, este utilizat\u0103 \u00een principal de utilizatori profesioni\u0219ti<\/p>\n<p>cum ar fi companiile agricole. Datorit\u0103 sistemului hidraulic cu lan\u021b de trac\u021biune<\/p>\n<p>care faciliteaz\u0103 operatorul \u00een faza de introducere a produsului \u00een toc\u0103tor.<\/p>\n<p>&nbsp;<\/p>\n<p>Diametrul de t\u0103iat: \u00d8 17 cm<\/p>\n<p>Putere tractor (exprimat\u0103 \u00een CP): 40 \u2013 100 CP<\/p>\n<p>Mod de putere: CU MOTOR PE BENZIN\u0102 \u2013 CU ARBOARE CARDANIC\u0102<\/p>\n<p>Produc\u021bie orar\u0103: 10 \u2013 16 m\u00b3\/or\u0103<\/p>\n<p>Unitate de t\u0103iere: disc cu 4 lame + lam\u0103 nicoval\u0103<\/p>\n<p>Greutate: 600-800 kg<\/p>\n","protected":false},"excerpt":{"rendered":"[video width=\"1400\" height=\"788\" mp4=\"https:\/\/utilajevitipomicole.ro\/magazin\/wp-content\/uploads\/2025\/10\/01370000-TIREX.mp4\" loop=\"true\" autoplay=\"true\"][\/video]\n<p><button><a href=\"https:\/\/utilajevitipomicole.ro\/magazin\/contact\/\"><span style=\"font-size: large;\"><b>&#8230; SOLICIT\u0102 OFERT\u0102 &#8230;<\/b><\/span><\/a><\/button><\/p>\n","protected":false},"featured_media":4597,"comment_status":"open","ping_status":"closed","template":"","meta":[],"product_brand":[459],"product_cat":[15,22,158],"product_tag":[],"class_list":{"0":"post-4594","1":"product","2":"type-product","3":"status-publish","4":"has-post-thumbnail","6":"product_brand-peruzzo","7":"product_cat-fara-categorie","8":"product_cat-biotocatori","9":"product_cat-tocatoare-resturi-vegetale","10":"product_shipping_class-utilaje","12":"first","13":"outofstock","14":"taxable","15":"shipping-taxable","16":"product-type-variable"},"_links":{"self":[{"href":"https:\/\/utilajevitipomicole.ro\/magazin\/wp-json\/wp\/v2\/product\/4594","targetHints":{"allow":["GET"]}}],"collection":[{"href":"https:\/\/utilajevitipomicole.ro\/magazin\/wp-json\/wp\/v2\/product"}],"about":[{"href":"https:\/\/utilajevitipomicole.ro\/magazin\/wp-json\/wp\/v2\/types\/product"}],"replies":[{"embeddable":true,"href":"https:\/\/utilajevitipomicole.ro\/magazin\/wp-json\/wp\/v2\/comments?post=4594"}],"wp:featuredmedia":[{"embeddable":true,"href":"https:\/\/utilajevitipomicole.ro\/magazin\/wp-json\/wp\/v2\/media\/4597"}],"wp:attachment":[{"href":"https:\/\/utilajevitipomicole.ro\/magazin\/wp-json\/wp\/v2\/media?parent=4594"}],"wp:term":[{"taxonomy":"product_brand","embeddable":true,"href":"https:\/\/utilajevitipomicole.ro\/magazin\/wp-json\/wp\/v2\/product_brand?post=4594"},{"taxonomy":"product_cat","embeddable":true,"href":"https:\/\/utilajevitipomicole.ro\/magazin\/wp-json\/wp\/v2\/product_cat?post=4594"},{"taxonomy":"product_tag","embeddable":true,"href":"https:\/\/utilajevitipomicole.ro\/magazin\/wp-json\/wp\/v2\/product_tag?post=4594"}],"curies":[{"name":"wp","href":"https:\/\/api.w.org\/{rel}","templated":true}]}}