{"id":4691,"date":"2026-02-19T11:06:08","date_gmt":"2026-02-19T09:06:08","guid":{"rendered":"https:\/\/utilajevitipomicole.ro\/magazin\/?post_type=product&#038;p=4691"},"modified":"2026-03-17T11:04:06","modified_gmt":"2026-03-17T09:04:06","slug":"tractor-hattat","status":"publish","type":"product","link":"https:\/\/utilajevitipomicole.ro\/magazin\/produs\/tractor-hattat\/","title":{"rendered":"Tractor Hattat Modern model B3105"},"content":{"rendered":"<p>Tractorul Hattat model B3105 este un tractor compact din noua serie Modern B produsa de Hattat , fiind unul dintre primele tractoare cu Stage V . Este proiectat pentru utilizare in podgorii,livezi si exploatatii agricole care necesita manevrabilitate ridicata si putere mare intr-o dimensiune compacta.<\/p>\n<p><strong>Specificatii tehnice:<\/strong><\/p>\n<p><strong><u>Motorizare si emisii<\/u><\/strong><\/p>\n<p>&#8211; <strong>\u00a0Motor<\/strong>: FPT , Stage V<\/p>\n<p>&#8211;\u00a0 <strong>Putere<\/strong>: 102 CP \/ 105 CP<\/p>\n<p>&#8211;\u00a0 <strong>Cilindri:<\/strong> 4 cilindri , 2.8 L cu sistem de injectie Common Rail de inalta presiune ( 1600 bar)<\/p>\n<p>&#8211;\u00a0 <strong>Design<\/strong> pentru cuplu ridicat, consum redus de combustibil cu pana la 15%<\/p>\n<p><strong><u>Transmisie si directie<\/u><\/strong><\/p>\n<p>&#8211;\u00a0 <strong>Cutie de viteze<\/strong> : mecanica , sincronizata de tipul 12+12 (12 inainte, 12 inapoi)<\/p>\n<p>&#8211;\u00a0 <strong>Inversor<\/strong> : permite schimbarea direc\u021biei de mers (\u00eenainte\/\u00eenapoi) u\u0219or, ideal pentru \u00eenc\u0103rc\u0103tor frontal<\/p>\n<p>&#8211;\u00a0 <strong>Ambreiaj :<\/strong> tip disc dublu , uscat , cu pedala<\/p>\n<p>&#8211;\u00a0 <strong>Tractiune:<\/strong> 4WD (4X4) , actionata electro-hidraulic<\/p>\n<p><strong><u>Sistem hidraulic si PTO<\/u><\/strong><\/p>\n<p>&#8211;\u00a0 <strong>Debit hidraulic<\/strong> \u2013 Sistem de inalta perfomanta ( cca 45-50 l\/min)<\/p>\n<p>&#8211;\u00a0 <strong>Capacitate de ridicare<\/strong>: Aproximativ 3.000 kg<\/p>\n<p>&#8211; <strong>\u00a0Functii<\/strong>: pozitie ,control forta, auto-lift<\/p>\n<p>&#8211;\u00a0 <strong>PTO<\/strong> \u2013 independenta , viteze 540 &#8211; 540 E<\/p>\n<p><strong><u>Franare si performanta <\/u><\/strong><\/p>\n<p>&#8211;\u00a0 <strong>Sistem de franare<\/strong> : frane cu discuri inversate in ulei\u00a0 (multi-disc)<\/p>\n<p>&#8211;\u00a0 <strong>Franare 4WD<\/strong> \u2013 actionare automata a tractiunii 4&#215;4 la franare pentru performanta sporita<\/p>\n<p>&#8211;\u00a0 <strong>Blocaj diferential<\/strong> \u2013 actionat electro-hidraulic<\/p>\n<p><strong><u>Cabina si ergonomie <\/u><\/strong><\/p>\n<p>&#8211;\u00a0 <strong>Platforma<\/strong> \u2013 design modern, ergonomic, cu posibilitatea de a cobori ROPS-UL<\/p>\n<p>&#8211;\u00a0 <strong>Panou de instrumente digital<\/strong><\/p>\n<p>&#8211;\u00a0 <strong>Confort:<\/strong> volan reglabil , scaun ergonomic , aer conditionat , radio cu USB<\/p>\n<p><strong><u>Dimensiuni si greutate <\/u><\/strong><\/p>\n<p>&#8211;\u00a0 <strong>Lungime totala :<\/strong> Aproximativ 3.960 mm (fara greutati fata)<\/p>\n<p>&#8211;\u00a0 <strong>Latime totala :<\/strong> ajustabila, potrivita pentru spatii inguste<\/p>\n<p>&#8211;\u00a0 <strong>Greutate:<\/strong> 2.900 kg<\/p>\n<p>&#8211;\u00a0 <strong>Rezervor combustibil:<\/strong>\u00a0~110-120 litri.<\/p>\n","protected":false},"excerpt":{"rendered":"<p><button><a href=\"https:\/\/utilajevitipomicole.ro\/magazin\/contact\/\"><span style=\"font-size: large;\"><b>&#8230; SOLICIT\u0102 OFERT\u0102 &#8230;<\/b><\/span><\/a><\/button><\/p>\n","protected":false},"featured_media":4709,"comment_status":"open","ping_status":"closed","template":"","meta":[],"product_brand":[468],"product_cat":[15,177,33,174],"product_tag":[],"class_list":{"0":"post-4691","1":"product","2":"type-product","3":"status-publish","4":"has-post-thumbnail","6":"product_brand-hattat-traktor","7":"product_cat-fara-categorie","8":"product_cat-promotii-oferta-lunii","9":"product_cat-tractoare","10":"product_cat-tractoare-specializate-vie-si-pomi","11":"product_shipping_class-utilaje","13":"first","14":"outofstock","15":"taxable","16":"shipping-taxable","17":"product-type-variable"},"_links":{"self":[{"href":"https:\/\/utilajevitipomicole.ro\/magazin\/wp-json\/wp\/v2\/product\/4691","targetHints":{"allow":["GET"]}}],"collection":[{"href":"https:\/\/utilajevitipomicole.ro\/magazin\/wp-json\/wp\/v2\/product"}],"about":[{"href":"https:\/\/utilajevitipomicole.ro\/magazin\/wp-json\/wp\/v2\/types\/product"}],"replies":[{"embeddable":true,"href":"https:\/\/utilajevitipomicole.ro\/magazin\/wp-json\/wp\/v2\/comments?post=4691"}],"wp:featuredmedia":[{"embeddable":true,"href":"https:\/\/utilajevitipomicole.ro\/magazin\/wp-json\/wp\/v2\/media\/4709"}],"wp:attachment":[{"href":"https:\/\/utilajevitipomicole.ro\/magazin\/wp-json\/wp\/v2\/media?parent=4691"}],"wp:term":[{"taxonomy":"product_brand","embeddable":true,"href":"https:\/\/utilajevitipomicole.ro\/magazin\/wp-json\/wp\/v2\/product_brand?post=4691"},{"taxonomy":"product_cat","embeddable":true,"href":"https:\/\/utilajevitipomicole.ro\/magazin\/wp-json\/wp\/v2\/product_cat?post=4691"},{"taxonomy":"product_tag","embeddable":true,"href":"https:\/\/utilajevitipomicole.ro\/magazin\/wp-json\/wp\/v2\/product_tag?post=4691"}],"curies":[{"name":"wp","href":"https:\/\/api.w.org\/{rel}","templated":true}]}}