{"id":4756,"date":"2026-03-10T12:50:52","date_gmt":"2026-03-10T10:50:52","guid":{"rendered":"https:\/\/utilajevitipomicole.ro\/magazin\/?post_type=product&#038;p=4756"},"modified":"2026-03-17T11:02:17","modified_gmt":"2026-03-17T09:02:17","slug":"tractor-hattat-modern-model-b3055","status":"publish","type":"product","link":"https:\/\/utilajevitipomicole.ro\/magazin\/produs\/tractor-hattat-modern-model-b3055\/","title":{"rendered":"Tractor Hattat Modern model B3055"},"content":{"rendered":"<p><strong><u>Tractor Hattat Modern model B3055<\/u><\/strong><\/p>\n<p>Tractorul\u00a0<strong>Hattat B3055<\/strong>\u00a0face parte din gama &#8222;Bah\u00e7e&#8221; (Gr\u0103din\u0103) sau Compact\u0103, fiind special proiectat pentru lucrul \u00een livezi, vii \u0219i spa\u021bii \u00eenguste datorit\u0103 dimensiunilor sale reduse \u0219i manevrabilit\u0103\u021bii ridicate.<\/p>\n<p><strong>Specificatii tehnice:<\/strong><\/p>\n<p><strong><u>Motorizare:<\/u><\/strong><\/p>\n<p><strong>Model Motor:<\/strong> FPT, Stage V.<\/p>\n<p><strong>Putere maxim\u0103:<\/strong>\u00a0\u00centre\u00a0<strong>58 CP \u0219i 60 CP<\/strong>\u00a0(aprox. 44 kW) la 2200-2350 rpm.<\/p>\n<p><strong>Cuplu maxim:<\/strong>\u00a0<strong>250 &#8211; 251 Nm<\/strong>\u00a0la 1400 rpm.<\/p>\n<p><strong>Cilindre:<\/strong>\u00a03300 cm\u00b3 (3 cilindri) pentru versiunea Perkins sau 2800 cm\u00b3 (4 cilindri) pentru versiunea FPT.<\/p>\n<p><strong>Sistem de admisie:<\/strong>\u00a0Turbo cu Intercooler.<\/p>\n<p><strong><u>Transmisie \u0219i Trac\u021biune:<\/u><\/strong><\/p>\n<p><strong>Cutie de viteze:<\/strong>\u00a012 \u00eenainte + 12 \u00eenapoi, complet sincronizat\u0103 (Synchro Shuttle).<\/p>\n<p><strong>Ambreiaj:<\/strong>\u00a0Dublu disc, uscat, cu control prin pedal\u0103.<\/p>\n<p><strong>Vitez\u0103 maxim\u0103:<\/strong>\u00a0Aproximativ\u00a034 &#8211; 37 km\/h.<\/p>\n<p><strong>Trac\u021biune:<\/strong>\u00a04WD (integral\u0103) cu cuplare mecanic\u0103 a pun\u021bii fa\u021b\u0103.<\/p>\n<p><strong><u>Sistem Hidraulic \u0219i Priza de Putere (PTO)<\/u><\/strong><\/p>\n<p><strong>Capacitate de ridicare:<\/strong>\u00a0Maxim\u00a03.000 kg.<\/p>\n<p><strong>Debit pomp\u0103:<\/strong>\u00a045 litri\/minut\u00a0la o presiune de 190-195 bar.<\/p>\n<p><strong>Ie\u0219iri hidraulice:<\/strong>\u00a02 sau 3 perechi de cuple rapide.<\/p>\n<p><strong>Priza de putere (TLT):<\/strong>\u00a0Independent\u0103, cu dou\u0103 tura\u021bii:\u00a0540 \/ 540E rpm.<\/p>\n<p><strong><u>Dimensiuni \u0219i Greutate<\/u><\/strong><\/p>\n<p><strong>Greutate total\u0103:<\/strong>\u00a0Aproximativ\u00a02.800 kg\u00a0(f\u0103r\u0103 balast).<\/p>\n<p><strong>Lungime total\u0103:<\/strong>\u00a03.920 &#8211; 4.155 mm.<\/p>\n<p><strong>L\u0103\u021bime total\u0103<\/strong>:\u00a01.770 &#8211; 1.940 mm.<\/p>\n<p><strong>Ampatament:<\/strong>\u00a02.180 mm.<\/p>\n<p><strong>Capacitate rezervor:\u00a0<\/strong>74 litri<\/p>\n<p><strong>Acest model este apreciat pentru faptul c\u0103\u00a0nu necesit\u0103 AdBlue\u00a0\u00een anumite configura\u021bii de motorizare, reduc\u00e2nd costurile de \u00eentre\u021binere.<\/strong><\/p>\n","protected":false},"excerpt":{"rendered":"<p><button><a href=\"https:\/\/utilajevitipomicole.ro\/magazin\/contact\/\"><span style=\"font-size: large;\"><b>&#8230; SOLICIT\u0102 OFERT\u0102 &#8230;<\/b><\/span><\/a><\/button><\/p>\n","protected":false},"featured_media":4757,"comment_status":"open","ping_status":"closed","template":"","meta":[],"product_brand":[468],"product_cat":[15,177,33,174],"product_tag":[],"class_list":{"0":"post-4756","1":"product","2":"type-product","3":"status-publish","4":"has-post-thumbnail","6":"product_brand-hattat-traktor","7":"product_cat-fara-categorie","8":"product_cat-promotii-oferta-lunii","9":"product_cat-tractoare","10":"product_cat-tractoare-specializate-vie-si-pomi","11":"product_shipping_class-utilaje","13":"first","14":"outofstock","15":"taxable","16":"shipping-taxable","17":"product-type-variable"},"_links":{"self":[{"href":"https:\/\/utilajevitipomicole.ro\/magazin\/wp-json\/wp\/v2\/product\/4756","targetHints":{"allow":["GET"]}}],"collection":[{"href":"https:\/\/utilajevitipomicole.ro\/magazin\/wp-json\/wp\/v2\/product"}],"about":[{"href":"https:\/\/utilajevitipomicole.ro\/magazin\/wp-json\/wp\/v2\/types\/product"}],"replies":[{"embeddable":true,"href":"https:\/\/utilajevitipomicole.ro\/magazin\/wp-json\/wp\/v2\/comments?post=4756"}],"wp:featuredmedia":[{"embeddable":true,"href":"https:\/\/utilajevitipomicole.ro\/magazin\/wp-json\/wp\/v2\/media\/4757"}],"wp:attachment":[{"href":"https:\/\/utilajevitipomicole.ro\/magazin\/wp-json\/wp\/v2\/media?parent=4756"}],"wp:term":[{"taxonomy":"product_brand","embeddable":true,"href":"https:\/\/utilajevitipomicole.ro\/magazin\/wp-json\/wp\/v2\/product_brand?post=4756"},{"taxonomy":"product_cat","embeddable":true,"href":"https:\/\/utilajevitipomicole.ro\/magazin\/wp-json\/wp\/v2\/product_cat?post=4756"},{"taxonomy":"product_tag","embeddable":true,"href":"https:\/\/utilajevitipomicole.ro\/magazin\/wp-json\/wp\/v2\/product_tag?post=4756"}],"curies":[{"name":"wp","href":"https:\/\/api.w.org\/{rel}","templated":true}]}}