{"id":4944,"date":"2026-04-22T12:29:04","date_gmt":"2026-04-22T09:29:04","guid":{"rendered":"https:\/\/utilajevitipomicole.ro\/magazin\/?post_type=product&#038;p=4944"},"modified":"2026-04-23T10:06:10","modified_gmt":"2026-04-23T07:06:10","slug":"freza-pentru-prelucrarea-solului-bilonat-model-tsap","status":"publish","type":"product","link":"https:\/\/utilajevitipomicole.ro\/magazin\/produs\/freza-pentru-prelucrarea-solului-bilonat-model-tsap\/","title":{"rendered":"FREZ\u0102 PENTRU PRELUCRAREA SOLULUI- BILONAT \u2013 model TSAP"},"content":{"rendered":"<p><strong>Caracteristici tehnice: Dot\u0103ri:\u00a0 Detalii tehnice: &#8211; prindere in trei puncte de Cat\u00a0 I si II\u00a0 ;\u00a0 &#8211; reductor ,,COMER \u201d la 1000 Rpm; &#8211; carcas\u0103 dubl\u0103 6+8 mm + 15 mm \u00een centru unde este plasat reductorul ; &#8211; carcas\u0103 dubl\u0103\u00a0 din o\u021bel de 12 mm ; &#8211; bolt\u00a0 cimentat cu diam. de 65 mm ; &#8211; protec\u021bie nivelatoare spate cu manivel\u0103 de reglare dubl\u0103 reglabil\u0103 ; &#8211; rotor cu flan\u0219\u0103 , 4 sape\u00a0 cu grosime de 15 mm ; &#8211; roat\u0103 cauciuc plin cu ax ,,FIAT\u201d 40X40 mm ; &#8211; discuri frontale telescopice 460&#215;7 mm din o\u021bel C40; &#8211; cardan ,, BENZI\u201d T80 cu\u00a0 cruce de 8\u00a0 \u0219i\u00a0 \u0219urub\u00a0 de siguran\u021b\u0103 <\/strong><\/p>\n<p><strong>TSAP 105 &#8211; Putere tractor &#8211; 40-45 CP, kit 4 sape pe flan\u0219\u0103 15 mm<\/strong><\/p>\n<p><strong>TSAP 120 &#8211; Putere tractor &#8211; 50-55 CP, kit 5 sape pe flan\u0219\u0103 15 mm<\/strong><\/p>\n<p><strong>TSAP 145 &#8211; Putere tractor &#8211; 60-65 CP, kit 6 sape pe flan\u0219\u0103 15 mm<\/strong><\/p>\n<p><strong>TSAP 160 &#8211; Putere tractor &#8211; 70-75 CP, kit 7 sape pe flan\u0219\u0103 15 mm<\/strong><\/p>\n<p><strong>TSAP 190 &#8211; Putere tractor &#8211; 80-85 CP, kit 8 sape pe flan\u0219\u0103 15 mm<\/strong><\/p>\n<p><strong>TSAP 210 &#8211; Putere tractor &#8211; 90-95 CP, kit 9 sape pe flan\u0219\u0103 15 mm<\/strong><\/p>\n<p><strong>TSAP 235 &#8211; Putere tractor &#8211; 100-105 CP, kit 9 sape pe flan\u0219\u0103 15 mm<\/strong><\/p>\n<p><strong>TSAP 255 &#8211; Putere tractor &#8211; 110-120 CP, kit 10 sape pe flan\u0219\u0103 15 mm<\/strong><\/p>\n<p><strong>TSAP 350 &#8211; Putere tractor &#8211; 140-150 CP, kit 14 sape pe flan\u0219\u0103 15 mm<\/strong><\/p>\n<p><strong>TSAP 400 &#8211; Putere tractor &#8211; 160-170 CP, kit 16 sape pe flan\u0219\u0103 15 mm<\/strong><\/p>\n","protected":false},"excerpt":{"rendered":"<p><button><a href=\"https:\/\/utilajevitipomicole.ro\/magazin\/contact\/\"><span style=\"font-size: large;\"><b>&#8230; SOLICIT\u0102 OFERT\u0102 &#8230;<\/b><\/span><\/a><\/button><\/p>\n","protected":false},"featured_media":4945,"comment_status":"open","ping_status":"closed","template":"","meta":[],"product_brand":[469],"product_cat":[15,27,16,177],"product_tag":[],"class_list":{"0":"post-4944","1":"product","2":"type-product","3":"status-publish","4":"has-post-thumbnail","6":"product_brand-ortiflor-group","7":"product_cat-fara-categorie","8":"product_cat-freze","9":"product_cat-aerator-sol","10":"product_cat-promotii-oferta-lunii","11":"product_shipping_class-utilaje","13":"first","14":"outofstock","15":"taxable","16":"shipping-taxable","17":"product-type-variable"},"_links":{"self":[{"href":"https:\/\/utilajevitipomicole.ro\/magazin\/wp-json\/wp\/v2\/product\/4944","targetHints":{"allow":["GET"]}}],"collection":[{"href":"https:\/\/utilajevitipomicole.ro\/magazin\/wp-json\/wp\/v2\/product"}],"about":[{"href":"https:\/\/utilajevitipomicole.ro\/magazin\/wp-json\/wp\/v2\/types\/product"}],"replies":[{"embeddable":true,"href":"https:\/\/utilajevitipomicole.ro\/magazin\/wp-json\/wp\/v2\/comments?post=4944"}],"wp:featuredmedia":[{"embeddable":true,"href":"https:\/\/utilajevitipomicole.ro\/magazin\/wp-json\/wp\/v2\/media\/4945"}],"wp:attachment":[{"href":"https:\/\/utilajevitipomicole.ro\/magazin\/wp-json\/wp\/v2\/media?parent=4944"}],"wp:term":[{"taxonomy":"product_brand","embeddable":true,"href":"https:\/\/utilajevitipomicole.ro\/magazin\/wp-json\/wp\/v2\/product_brand?post=4944"},{"taxonomy":"product_cat","embeddable":true,"href":"https:\/\/utilajevitipomicole.ro\/magazin\/wp-json\/wp\/v2\/product_cat?post=4944"},{"taxonomy":"product_tag","embeddable":true,"href":"https:\/\/utilajevitipomicole.ro\/magazin\/wp-json\/wp\/v2\/product_tag?post=4944"}],"curies":[{"name":"wp","href":"https:\/\/api.w.org\/{rel}","templated":true}]}}