{"id":4952,"date":"2026-04-23T10:16:12","date_gmt":"2026-04-23T07:16:12","guid":{"rendered":"https:\/\/utilajevitipomicole.ro\/magazin\/?post_type=product&#038;p=4952"},"modified":"2026-04-23T10:53:42","modified_gmt":"2026-04-23T07:53:42","slug":"freza-telescopica-pentru-prelucrarea-solului-bilonat-intelligent-model-tsap-rf","status":"publish","type":"product","link":"https:\/\/utilajevitipomicole.ro\/magazin\/produs\/freza-telescopica-pentru-prelucrarea-solului-bilonat-intelligent-model-tsap-rf\/","title":{"rendered":"FREZ\u0102 TELESCOPIC\u0102 PENTRU PRELUCRAREA SOLULUI- BILONAT &#8222;INTELLIGENT&#8221;\u2013 model TSAP-RF"},"content":{"rendered":"<p><strong>Caracteristici tehnice: Dot\u0103ri:\u00a0\u00a0 Detalii tehnice: &#8211; prindere in trei puncte de Cat\u00a0 I si II\u00a0 ; &#8211; reductor ,,COMER \u201d la 1000 Rpm; &#8211; carcas\u0103 dubl\u0103 6+8 mm din material HARDOX anti-uzura ; &#8211; transmisie dubl\u0103 cu 4 trepte de vitez\u0103\u00a0 ; &#8211; carcas\u0103 dubl\u0103\u00a0 din o\u021bel de 12 mm ; &#8211; bolt\u00a0 cimentat cu diam. de 65 mm ; &#8211; rotor cu flan\u0219\u0103 ; &#8211; protec\u021bie nivelatoare spate cu manivel\u0103 de reglare dubl\u0103 reglabil\u0103 ; &#8211; roat\u0103 cauciuc plin cu ax ,,FIAT\u201d 40X40 mm ; &#8211; discuri frontale telescopice 460&#215;7 mm din o\u021bel C40; &#8211; cardan ,, BENZI\u201d T80 cu\u00a0 cruce de 8\u00a0 \u0219i\u00a0 \u0219urub\u00a0 de siguran\u021b\u0103 ; &#8211; distan\u021ba de la v\u00e2rful sapei la carcas\u0103 &#8211;\u00a0 30 cm.<\/strong><\/p>\n<p><strong>TSAP-RF 300 &#8211; Putere tractor &#8211; 130-140 CP, kit 12 sape pe flan\u0219\u0103 15 mm<\/strong><\/p>\n<p><strong>TSAP-RF 350 &#8211; Putere tractor &#8211; 140-150 CP, kit 14 sape pe flan\u0219\u0103 15 mm<\/strong><\/p>\n<p><strong>TSAP-RF 400 &#8211; Putere tractor &#8211; 150-160 CP, kit 15 sape pe flan\u0219\u0103 15 mm<\/strong><\/p>\n<p><strong>TSAP-RF 450 &#8211; Putere tractor &#8211; 150-160 CP, kit 18 sape pe flan\u0219\u0103 15 mm<\/strong><\/p>\n<p><strong>TSAP-RF 500 &#8211; Putere tractor &#8211; 170-180 CP, kit 22 sape pe flan\u0219\u0103 15 mm<\/strong><\/p>\n<p><strong>TSAP -RF 600 &#8211; Putere tractor &#8211; 180-190 CP, kit 26 sape pe flan\u0219\u0103 15 mm<\/strong><\/p>\n","protected":false},"excerpt":{"rendered":"<p><button><a href=\"https:\/\/utilajevitipomicole.ro\/magazin\/contact\/\"><span style=\"font-size: large;\"><b>&#8230; SOLICIT\u0102 OFERT\u0102 &#8230;<\/b><\/span><\/a><\/button><\/p>\n","protected":false},"featured_media":4953,"comment_status":"open","ping_status":"closed","template":"","meta":[],"product_brand":[469],"product_cat":[15,27,16,177],"product_tag":[],"class_list":{"0":"post-4952","1":"product","2":"type-product","3":"status-publish","4":"has-post-thumbnail","6":"product_brand-ortiflor-group","7":"product_cat-fara-categorie","8":"product_cat-freze","9":"product_cat-aerator-sol","10":"product_cat-promotii-oferta-lunii","11":"product_shipping_class-utilaje","13":"first","14":"outofstock","15":"taxable","16":"shipping-taxable","17":"product-type-variable"},"_links":{"self":[{"href":"https:\/\/utilajevitipomicole.ro\/magazin\/wp-json\/wp\/v2\/product\/4952","targetHints":{"allow":["GET"]}}],"collection":[{"href":"https:\/\/utilajevitipomicole.ro\/magazin\/wp-json\/wp\/v2\/product"}],"about":[{"href":"https:\/\/utilajevitipomicole.ro\/magazin\/wp-json\/wp\/v2\/types\/product"}],"replies":[{"embeddable":true,"href":"https:\/\/utilajevitipomicole.ro\/magazin\/wp-json\/wp\/v2\/comments?post=4952"}],"wp:featuredmedia":[{"embeddable":true,"href":"https:\/\/utilajevitipomicole.ro\/magazin\/wp-json\/wp\/v2\/media\/4953"}],"wp:attachment":[{"href":"https:\/\/utilajevitipomicole.ro\/magazin\/wp-json\/wp\/v2\/media?parent=4952"}],"wp:term":[{"taxonomy":"product_brand","embeddable":true,"href":"https:\/\/utilajevitipomicole.ro\/magazin\/wp-json\/wp\/v2\/product_brand?post=4952"},{"taxonomy":"product_cat","embeddable":true,"href":"https:\/\/utilajevitipomicole.ro\/magazin\/wp-json\/wp\/v2\/product_cat?post=4952"},{"taxonomy":"product_tag","embeddable":true,"href":"https:\/\/utilajevitipomicole.ro\/magazin\/wp-json\/wp\/v2\/product_tag?post=4952"}],"curies":[{"name":"wp","href":"https:\/\/api.w.org\/{rel}","templated":true}]}}