{"id":4960,"date":"2026-04-23T11:28:12","date_gmt":"2026-04-23T08:28:12","guid":{"rendered":"https:\/\/utilajevitipomicole.ro\/magazin\/?post_type=product&#038;p=4960"},"modified":"2026-04-23T11:37:17","modified_gmt":"2026-04-23T08:37:17","slug":"freza-pentru-prelucrarea-solului-cu-tavalug-model-tsr-2","status":"publish","type":"product","link":"https:\/\/utilajevitipomicole.ro\/magazin\/produs\/freza-pentru-prelucrarea-solului-cu-tavalug-model-tsr-2\/","title":{"rendered":"FREZ\u0102 PENTRU PRELUCRAREA SOLULUI CU T\u0102V\u0102LUG \u2013 model TSR"},"content":{"rendered":"<p><strong>Caracteristici tehnice: Dot\u0103ri:\u00a0 Detalii tehnice &#8211; prindere in trei puncte de Cat\u00a0 I si II\u00a0 ; &#8211; reductor ,,COMER \u201d la 540 Rpm\/min; &#8211; carcas\u0103 dubl\u0103 6+8 mm + 15 mm in centru unde este plasat reductorul ; &#8211; transmisie lateral\u0103 cu 3 trepte de vitez\u0103 ; &#8211; carcas\u0103 dubl\u0103\u00a0 din o\u021bel de 15 mm ; &#8211; protec\u021bie nivelatoare spate cu manivel\u0103 de reglare dubl\u0103 reglabil\u0103 ; &#8211; cardan ,, BENZI\u201d T80 cu\u00a0 cruce de 8\u00a0 \u0219i\u00a0 \u0219urub\u00a0 de siguran\u021b\u0103 ; &#8211; t\u0103v\u0103lug la alegere : plasa, packer, rola, colivie, spirala <\/strong><\/p>\n<p><strong>TSR 190 &#8211; Putere tractor &#8211; 80-90 CP, kit 8 sape pe flan\u0219\u0103 15 mm<\/strong><\/p>\n<p><strong>TSR 210 &#8211; Putere tractor &#8211; 90-100 CP, kit 9 sape pe flan\u0219\u0103 15 mm<\/strong><\/p>\n<p><strong>TSR 235 &#8211; Putere tractor &#8211; 100-110 CP, kit 9 sape pe flan\u0219\u0103 15 mm<\/strong><\/p>\n<p><strong>TSR 255 &#8211; Putere tractor &#8211; 110-120 CP, kit 10 sape pe flan\u0219\u0103 15 mm<\/strong><\/p>\n","protected":false},"excerpt":{"rendered":"<p><button><a href=\"https:\/\/utilajevitipomicole.ro\/magazin\/contact\/\"><span style=\"font-size: large;\"><b>&#8230; SOLICIT\u0102 OFERT\u0102 &#8230;<\/b><\/span><\/a><\/button><\/p>\n","protected":false},"featured_media":4959,"comment_status":"open","ping_status":"closed","template":"","meta":[],"product_brand":[469],"product_cat":[15,27,16,177],"product_tag":[],"class_list":{"0":"post-4960","1":"product","2":"type-product","3":"status-publish","4":"has-post-thumbnail","6":"product_brand-ortiflor-group","7":"product_cat-fara-categorie","8":"product_cat-freze","9":"product_cat-aerator-sol","10":"product_cat-promotii-oferta-lunii","11":"product_shipping_class-utilaje","13":"first","14":"outofstock","15":"taxable","16":"shipping-taxable","17":"product-type-variable"},"_links":{"self":[{"href":"https:\/\/utilajevitipomicole.ro\/magazin\/wp-json\/wp\/v2\/product\/4960","targetHints":{"allow":["GET"]}}],"collection":[{"href":"https:\/\/utilajevitipomicole.ro\/magazin\/wp-json\/wp\/v2\/product"}],"about":[{"href":"https:\/\/utilajevitipomicole.ro\/magazin\/wp-json\/wp\/v2\/types\/product"}],"replies":[{"embeddable":true,"href":"https:\/\/utilajevitipomicole.ro\/magazin\/wp-json\/wp\/v2\/comments?post=4960"}],"wp:featuredmedia":[{"embeddable":true,"href":"https:\/\/utilajevitipomicole.ro\/magazin\/wp-json\/wp\/v2\/media\/4959"}],"wp:attachment":[{"href":"https:\/\/utilajevitipomicole.ro\/magazin\/wp-json\/wp\/v2\/media?parent=4960"}],"wp:term":[{"taxonomy":"product_brand","embeddable":true,"href":"https:\/\/utilajevitipomicole.ro\/magazin\/wp-json\/wp\/v2\/product_brand?post=4960"},{"taxonomy":"product_cat","embeddable":true,"href":"https:\/\/utilajevitipomicole.ro\/magazin\/wp-json\/wp\/v2\/product_cat?post=4960"},{"taxonomy":"product_tag","embeddable":true,"href":"https:\/\/utilajevitipomicole.ro\/magazin\/wp-json\/wp\/v2\/product_tag?post=4960"}],"curies":[{"name":"wp","href":"https:\/\/api.w.org\/{rel}","templated":true}]}}