{"id":4962,"date":"2026-04-23T11:38:43","date_gmt":"2026-04-23T08:38:43","guid":{"rendered":"https:\/\/utilajevitipomicole.ro\/magazin\/?post_type=product&#038;p=4962"},"modified":"2026-04-23T11:47:53","modified_gmt":"2026-04-23T08:47:53","slug":"freza-pliabila-pentru-prelucrarea-solului-bilonat-model-tsp-f","status":"publish","type":"product","link":"https:\/\/utilajevitipomicole.ro\/magazin\/produs\/freza-pliabila-pentru-prelucrarea-solului-bilonat-model-tsp-f\/","title":{"rendered":"FREZ\u0102 PLIABIL\u0102 PENTRU PRELUCRAREA SOLULUI &#8211; BILONAT \u2013 model TSP-F"},"content":{"rendered":"<p><strong>Caracteristici tehnice: <\/strong><strong>Dot\u0103ri:\u00a0 Detalii tehnice: &#8211; prindere in trei puncte de Cat\u00a0 I si II\u00a0 ; &#8211; reductor ,,COMER \u201d la 1000 Rpm; &#8211; carcas\u0103 dubl\u0103 6+8 mm + 15 mm \u00een centru unde se pozi\u021bioneaz\u0103 reductorul; &#8211; transmisie dubl\u0103 cu 3 trepte de vitez\u0103; &#8211; carcas\u0103 dubl\u0103\u00a0 din o\u021bel de 12 mm ; &#8211; bolt\u00a0 cimentat cu diam. de 65 mm ; &#8211; rotor cu flan\u0219\u0103 ; &#8211; protec\u021bie nivelatoare spate cu manivel\u0103 de reglare dubl\u0103 reglabil\u0103 ; &#8211; roat\u0103 cauciuc plin cu ax ,,FIAT\u201d 40X40 mm ; &#8211; discuri frontale telescopice 460&#215;7 mm din o\u021bel C40; &#8211; cardan ,, BENZI\u201d T80 cu\u00a0 cruce de 8\u00a0 \u0219i\u00a0 \u0219urub\u00a0 de siguran\u021b\u0103 ; &#8211; t\u0103v\u0103lug la alegere : plasa, packer, rola, colivie, spiralat. <\/strong><\/p>\n<p><strong>TSP-F 300 &#8211; Putere tractor &#8211; 140-150 CP, kit 12 sape pe flan\u0219\u0103 15 mm<\/strong><\/p>\n<p><strong>TSP-F 350 &#8211; Putere tractor &#8211; 140-150 CP, kit 14 sape pe flan\u0219\u0103 15 mm<\/strong><\/p>\n<p><strong>TSP-F 400 &#8211; Putere tractor &#8211; 160-170 CP, kit 16 sape pe flan\u0219\u0103 15 mm<\/strong><\/p>\n<p><strong>TSP-F 450 &#8211; Putere tractor &#8211; 170-180 CP, kit 18 sape pe flan\u0219\u0103 15 mm<\/strong><\/p>\n","protected":false},"excerpt":{"rendered":"<p><button><a href=\"https:\/\/utilajevitipomicole.ro\/magazin\/contact\/\"><span style=\"font-size: large;\"><b>&#8230; SOLICIT\u0102 OFERT\u0102 &#8230;<\/b><\/span><\/a><\/button><\/p>\n","protected":false},"featured_media":4963,"comment_status":"open","ping_status":"closed","template":"","meta":[],"product_brand":[469],"product_cat":[15,27,16,177],"product_tag":[],"class_list":{"0":"post-4962","1":"product","2":"type-product","3":"status-publish","4":"has-post-thumbnail","6":"product_brand-ortiflor-group","7":"product_cat-fara-categorie","8":"product_cat-freze","9":"product_cat-aerator-sol","10":"product_cat-promotii-oferta-lunii","11":"product_shipping_class-utilaje","13":"first","14":"outofstock","15":"taxable","16":"shipping-taxable","17":"product-type-variable"},"_links":{"self":[{"href":"https:\/\/utilajevitipomicole.ro\/magazin\/wp-json\/wp\/v2\/product\/4962","targetHints":{"allow":["GET"]}}],"collection":[{"href":"https:\/\/utilajevitipomicole.ro\/magazin\/wp-json\/wp\/v2\/product"}],"about":[{"href":"https:\/\/utilajevitipomicole.ro\/magazin\/wp-json\/wp\/v2\/types\/product"}],"replies":[{"embeddable":true,"href":"https:\/\/utilajevitipomicole.ro\/magazin\/wp-json\/wp\/v2\/comments?post=4962"}],"wp:featuredmedia":[{"embeddable":true,"href":"https:\/\/utilajevitipomicole.ro\/magazin\/wp-json\/wp\/v2\/media\/4963"}],"wp:attachment":[{"href":"https:\/\/utilajevitipomicole.ro\/magazin\/wp-json\/wp\/v2\/media?parent=4962"}],"wp:term":[{"taxonomy":"product_brand","embeddable":true,"href":"https:\/\/utilajevitipomicole.ro\/magazin\/wp-json\/wp\/v2\/product_brand?post=4962"},{"taxonomy":"product_cat","embeddable":true,"href":"https:\/\/utilajevitipomicole.ro\/magazin\/wp-json\/wp\/v2\/product_cat?post=4962"},{"taxonomy":"product_tag","embeddable":true,"href":"https:\/\/utilajevitipomicole.ro\/magazin\/wp-json\/wp\/v2\/product_tag?post=4962"}],"curies":[{"name":"wp","href":"https:\/\/api.w.org\/{rel}","templated":true}]}}